{"id":104,"date":"2018-03-01T10:34:18","date_gmt":"2018-03-01T10:34:18","guid":{"rendered":"http:\/\/demo.acmethemes.com\/event-star\/?page_id=42"},"modified":"2024-08-15T11:56:41","modified_gmt":"2024-08-15T17:56:41","slug":"meet-awesome-people","status":"publish","type":"page","link":"https:\/\/cofunex.com\/home\/meet-awesome-people\/","title":{"rendered":"Conoce las conferencias de alto impacto"},"content":{"rendered":"\t\t<div data-elementor-type=\"wp-page\" data-elementor-id=\"104\" class=\"elementor elementor-104\">\n\t\t\t\t<div class=\"elementor-element elementor-element-6d380f73 e-flex e-con-boxed wpr-particle-no wpr-jarallax-no wpr-parallax-no wpr-sticky-section-no e-con e-parent\" data-id=\"6d380f73\" data-element_type=\"container\">\n\t\t\t\t\t<div class=\"e-con-inner\">\n\t\t\t\t<div class=\"elementor-element elementor-element-3e7f474 elementor-widget elementor-widget-text-editor\" data-id=\"3e7f474\" data-element_type=\"widget\" data-widget_type=\"text-editor.default\">\n\t\t\t\t<div class=\"elementor-widget-container\">\n\t\t\t\t\t\t\t\t\t<div id=\"pl-104\" class=\"panel-layout\"><div id=\"pg-104-0\" class=\"panel-grid panel-no-style\" data-style=\"{&quot;background_image_attachment&quot;:false,&quot;background_display&quot;:&quot;tile&quot;,&quot;background_image_size&quot;:&quot;full&quot;,&quot;background_image_opacity&quot;:&quot;100&quot;,&quot;border_thickness&quot;:&quot;1px&quot;,&quot;full_height&quot;:&quot;&quot;,&quot;lsow_dark_bg&quot;:&quot;&quot;,&quot;cell_alignment&quot;:&quot;flex-start&quot;}\"><div id=\"pgc-104-0-0\" class=\"panel-grid-cell\" data-weight=\"1\"><div id=\"panel-104-0-0-0\" class=\"so-panel widget widget_sow-editor panel-first-child panel-last-child\" data-index=\"0\" data-style=\"{&quot;background_image_attachment&quot;:false,&quot;background_display&quot;:&quot;tile&quot;,&quot;background_image_size&quot;:&quot;full&quot;,&quot;background_image_opacity&quot;:&quot;100&quot;,&quot;border_thickness&quot;:&quot;1px&quot;}\"><div class=\"so-widget-sow-editor so-widget-sow-editor-base\"><h1 class=\"widget-title\" style=\"text-align: center;\">CONOCE LAS CONFERENCIAS DE IMPACTO<\/h1><\/div><\/div><\/div><\/div><\/div>\t\t\t\t\t\t\t\t<\/div>\n\t\t\t\t<\/div>\n\t\t<div class=\"elementor-element elementor-element-15a9ee3 e-flex e-con-boxed wpr-particle-no wpr-jarallax-no wpr-parallax-no wpr-sticky-section-no e-con e-child\" data-id=\"15a9ee3\" data-element_type=\"container\">\n\t\t\t\t\t<div class=\"e-con-inner\">\n\t\t<div class=\"elementor-element elementor-element-9ebcb29 e-con-full e-flex wpr-particle-no wpr-jarallax-no wpr-parallax-no wpr-sticky-section-no e-con e-child\" data-id=\"9ebcb29\" data-element_type=\"container\">\n\t\t\t\t<div class=\"elementor-element elementor-element-d473f31 elementor-widget-laptop__width-initial elementor-widget elementor-widget-text-editor\" data-id=\"d473f31\" data-element_type=\"widget\" data-widget_type=\"text-editor.default\">\n\t\t\t\t<div class=\"elementor-widget-container\">\n\t\t\t\t\t\t\t\t\t<h1 class=\"separator_off\"><span style=\"color: #333333; font-size: 60px;\">ADRIANA MAC\u00cdAS<\/span><\/h1><h2>CONFERENCIA ESTELAR<\/h2><h4><span style=\"color: #333333;\">Tema: \u00c9xito sin pretextos<\/span><\/h4><p>Esta mujer excepcionalmente fuerte e inspiradora ha creado diversas herramientas para mejorar su calidad de vida y se dedica a compartirlas con<br \/>otros, buscando dejar una huella positiva en el mundo a trav\u00e9s de su disciplina y compromiso consigo misma. Manteniendo siempre un esp\u00edritu<br \/>optimista y buen humor, ha logrado un notable desarrollo tanto personal como profesional.<\/p>\t\t\t\t\t\t\t\t<\/div>\n\t\t\t\t<\/div>\n\t\t\t\t<\/div>\n\t\t<div class=\"elementor-element elementor-element-78b1801 e-con-full e-flex wpr-particle-no wpr-jarallax-no wpr-parallax-no wpr-sticky-section-no e-con e-child\" data-id=\"78b1801\" data-element_type=\"container\">\n\t\t\t\t<div class=\"elementor-element elementor-element-481b1ff elementor-widget-laptop__width-initial elementor-widget elementor-widget-image\" data-id=\"481b1ff\" data-element_type=\"widget\" data-widget_type=\"image.default\">\n\t\t\t\t<div class=\"elementor-widget-container\">\n\t\t\t\t\t\t\t\t\t\t\t\t\t\t\t<img decoding=\"async\" src=\"https:\/\/fumexpo.com\/wp-content\/uploads\/2024\/06\/FMX-24_Programa_Imagen_01.png.avif\" title=\"\" alt=\"Adriana Macias\" loading=\"lazy\" \/>\t\t\t\t\t\t\t\t\t\t\t\t\t\t\t<\/div>\n\t\t\t\t<\/div>\n\t\t\t\t<\/div>\n\t\t\t\t\t<\/div>\n\t\t\t\t<\/div>\n\t\t\t\t\t<\/div>\n\t\t\t\t<\/div>\n\t\t<div class=\"elementor-element elementor-element-449b566 e-flex e-con-boxed wpr-particle-no wpr-jarallax-no wpr-parallax-no wpr-sticky-section-no e-con e-parent\" data-id=\"449b566\" data-element_type=\"container\">\n\t\t\t\t\t<div class=\"e-con-inner\">\n\t\t<div class=\"elementor-element elementor-element-cd7248f e-con-full e-flex wpr-particle-no wpr-jarallax-no wpr-parallax-no wpr-sticky-section-no e-con e-child\" data-id=\"cd7248f\" data-element_type=\"container\">\n\t\t<div class=\"elementor-element elementor-element-299344a e-con-full e-flex wpr-particle-no wpr-jarallax-no wpr-parallax-no wpr-sticky-section-no e-con e-child\" data-id=\"299344a\" data-element_type=\"container\">\n\t\t\t\t<div class=\"elementor-element elementor-element-ecbe8e1 elementor-widget-laptop__width-initial elementor-widget elementor-widget-text-editor\" data-id=\"ecbe8e1\" data-element_type=\"widget\" data-widget_type=\"text-editor.default\">\n\t\t\t\t<div class=\"elementor-widget-container\">\n\t\t\t\t\t\t\t\t\t<h1 class=\"separator_off\" style=\"font-size: 60px;\"><span style=\"color: #333333;\">RUB\u00c9N DUQUE<\/span><\/h1><h3><span style=\"color: #333333;\">Tema: Construye tu equipo invencible<\/span><\/h3><p>Rub\u00e9n Duque es reconocido a nivel internacional y TEDx Talk Speaker con especializaci\u00f3n en Motivaci\u00f3n, Liderazgo y Equipos de Alto Rendimiento.<br \/>A lo largo de su carrera como conferencista, ha impactado a decenas de miles de personas de m\u00e1s de 15 nacionalidades diferentes, as\u00ed como a empresas de renombre mundial, incluidas Google, Microsoft, BBVA, HSBC, Banco Santander, Adidas y muchos m\u00e1s.<\/p>\t\t\t\t\t\t\t\t<\/div>\n\t\t\t\t<\/div>\n\t\t\t\t<\/div>\n\t\t<div class=\"elementor-element elementor-element-0c2c6b9 e-flex e-con-boxed wpr-particle-no wpr-jarallax-no wpr-parallax-no wpr-sticky-section-no e-con e-child\" data-id=\"0c2c6b9\" data-element_type=\"container\">\n\t\t\t\t\t<div class=\"e-con-inner\">\n\t\t\t\t<div class=\"elementor-element elementor-element-79f8993 elementor-widget-laptop__width-initial elementor-widget elementor-widget-image\" data-id=\"79f8993\" data-element_type=\"widget\" data-widget_type=\"image.default\">\n\t\t\t\t<div class=\"elementor-widget-container\">\n\t\t\t\t\t\t\t\t\t\t\t\t\t\t\t<img decoding=\"async\" src=\"https:\/\/fumexpo.com\/wp-content\/uploads\/2024\/06\/FMX-24_Programa_Imagen_02.png.avif\" title=\"\" alt=\"Adriana Macias\" loading=\"lazy\" \/>\t\t\t\t\t\t\t\t\t\t\t\t\t\t\t<\/div>\n\t\t\t\t<\/div>\n\t\t\t\t\t<\/div>\n\t\t\t\t<\/div>\n\t\t\t\t<\/div>\n\t\t<div class=\"elementor-element elementor-element-48a23b4 e-con-full e-flex wpr-particle-no wpr-jarallax-no wpr-parallax-no wpr-sticky-section-no e-con e-child\" data-id=\"48a23b4\" data-element_type=\"container\">\n\t\t<div class=\"elementor-element elementor-element-da63e6e e-con-full e-flex wpr-particle-no wpr-jarallax-no wpr-parallax-no wpr-sticky-section-no e-con e-child\" data-id=\"da63e6e\" data-element_type=\"container\">\n\t\t<div class=\"elementor-element elementor-element-31a6b54 e-con-full e-flex wpr-particle-no wpr-jarallax-no wpr-parallax-no wpr-sticky-section-no e-con e-child\" data-id=\"31a6b54\" data-element_type=\"container\">\n\t\t\t\t<div class=\"elementor-element elementor-element-c7a9ae5 elementor-widget-laptop__width-initial elementor-widget elementor-widget-text-editor\" data-id=\"c7a9ae5\" data-element_type=\"widget\" data-widget_type=\"text-editor.default\">\n\t\t\t\t<div class=\"elementor-widget-container\">\n\t\t\t\t\t\t\t\t\t<h1 class=\"separator_off\"><span style=\"color: #333333; font-size: 60px;\">ALEJANDRO AMBRAD<\/span><\/h1><h3><span style=\"color: #333333;\">Tema: C\u00f3mo vender contando historias<\/span><\/h3><p>Reconocido internacionalmente por su capacidad para cambiar mentes a trav\u00e9s de conferencias que captan la atenci\u00f3n del p\u00fablico de principio a fin. A ra\u00edz de su experiencia transformando empresas de pr\u00e1cticamente todos los sectores econ\u00f3micos, ha creado herramientas sencillas que hoy ayudan a miles de personas a dise\u00f1ar estrategias innovadoras para desmarcarse de sus competidores. Es autor de 4 libros que se han convertido en fuente de inspiraci\u00f3n para profesionales del mundo entero y socio fundador de m\u00faltiples empresas con diferente enfoque.<\/p>\t\t\t\t\t\t\t\t<\/div>\n\t\t\t\t<\/div>\n\t\t\t\t<\/div>\n\t\t<div class=\"elementor-element elementor-element-d9f4b65 e-con-full e-flex wpr-particle-no wpr-jarallax-no wpr-parallax-no wpr-sticky-section-no e-con e-child\" data-id=\"d9f4b65\" data-element_type=\"container\">\n\t\t\t\t<div class=\"elementor-element elementor-element-3add584 elementor-widget-laptop__width-initial elementor-widget elementor-widget-image\" data-id=\"3add584\" data-element_type=\"widget\" data-widget_type=\"image.default\">\n\t\t\t\t<div class=\"elementor-widget-container\">\n\t\t\t\t\t\t\t\t\t\t\t\t\t\t\t<img decoding=\"async\" src=\"https:\/\/fumexpo.com\/wp-content\/uploads\/2024\/06\/FMX-24_Programa_Imagen_03.png.avif\" title=\"\" alt=\"Adriana Macias\" loading=\"lazy\" \/>\t\t\t\t\t\t\t\t\t\t\t\t\t\t\t<\/div>\n\t\t\t\t<\/div>\n\t\t\t\t<\/div>\n\t\t\t\t<\/div>\n\t\t\t\t<\/div>\n\t\t\t\t\t<\/div>\n\t\t\t\t<\/div>\n\t\t\t\t<\/div>\n\t\t","protected":false},"excerpt":{"rendered":"<p>Conoce a Adriana Macias, Ruben Duque y a Alejandro Ambrad y deja que iluminen tus ideas con sus conferencias.<\/p>\n","protected":false},"author":3,"featured_media":0,"parent":0,"menu_order":0,"comment_status":"closed","ping_status":"closed","template":"","meta":{"footnotes":""},"class_list":["post-104","page","type-page","status-publish","hentry"],"_links":{"self":[{"href":"https:\/\/cofunex.com\/home\/wp-json\/wp\/v2\/pages\/104","targetHints":{"allow":["GET"]}}],"collection":[{"href":"https:\/\/cofunex.com\/home\/wp-json\/wp\/v2\/pages"}],"about":[{"href":"https:\/\/cofunex.com\/home\/wp-json\/wp\/v2\/types\/page"}],"author":[{"embeddable":true,"href":"https:\/\/cofunex.com\/home\/wp-json\/wp\/v2\/users\/3"}],"replies":[{"embeddable":true,"href":"https:\/\/cofunex.com\/home\/wp-json\/wp\/v2\/comments?post=104"}],"version-history":[{"count":63,"href":"https:\/\/cofunex.com\/home\/wp-json\/wp\/v2\/pages\/104\/revisions"}],"predecessor-version":[{"id":2459,"href":"https:\/\/cofunex.com\/home\/wp-json\/wp\/v2\/pages\/104\/revisions\/2459"}],"wp:attachment":[{"href":"https:\/\/cofunex.com\/home\/wp-json\/wp\/v2\/media?parent=104"}],"curies":[{"name":"wp","href":"https:\/\/api.w.org\/{rel}","templated":true}]}}