{"id":106,"date":"2018-03-01T10:33:07","date_gmt":"2018-03-01T10:33:07","guid":{"rendered":"http:\/\/demo.acmethemes.com\/event-star\/?page_id=40"},"modified":"2024-08-15T11:01:27","modified_gmt":"2024-08-15T17:01:27","slug":"why-should-do-events","status":"publish","type":"page","link":"https:\/\/cofunex.com\/home\/why-should-do-events\/","title":{"rendered":"\u00bfQu\u00e9 hace diferente esta edici\u00f3n?"},"content":{"rendered":"\t\t<div data-elementor-type=\"wp-page\" data-elementor-id=\"106\" class=\"elementor elementor-106\">\n\t\t\t\t<div class=\"elementor-element elementor-element-58804cd e-flex e-con-boxed wpr-particle-no wpr-jarallax-no wpr-parallax-no wpr-sticky-section-no e-con e-parent\" data-id=\"58804cd\" data-element_type=\"container\">\n\t\t\t\t\t<div class=\"e-con-inner\">\n\t\t\t\t<div class=\"elementor-element elementor-element-2cd4c06d elementor-widget elementor-widget-text-editor\" data-id=\"2cd4c06d\" data-element_type=\"widget\" data-widget_type=\"text-editor.default\">\n\t\t\t\t<div class=\"elementor-widget-container\">\n\t\t\t\t\t\t\t\t\t<div id=\"pl-106\" class=\"panel-layout\"><div id=\"pg-106-0\" class=\"panel-grid panel-no-style\" data-style=\"{&quot;background_image_attachment&quot;:false,&quot;background_display&quot;:&quot;tile&quot;,&quot;background_image_size&quot;:&quot;full&quot;,&quot;background_image_opacity&quot;:&quot;100&quot;,&quot;border_thickness&quot;:&quot;1px&quot;,&quot;full_height&quot;:&quot;&quot;,&quot;lsow_dark_bg&quot;:&quot;&quot;,&quot;cell_alignment&quot;:&quot;flex-start&quot;}\"><div id=\"pgc-106-0-0\" class=\"panel-grid-cell\" data-weight=\"1\"><div id=\"panel-106-0-0-0\" class=\"so-panel widget widget_sow-editor panel-first-child panel-last-child\" data-index=\"0\" data-style=\"{&quot;background_image_attachment&quot;:false,&quot;background_display&quot;:&quot;tile&quot;,&quot;background_image_size&quot;:&quot;full&quot;,&quot;background_image_opacity&quot;:&quot;100&quot;,&quot;border_thickness&quot;:&quot;1px&quot;}\"><div class=\"so-widget-sow-editor so-widget-sow-editor-base\"><h3 class=\"widget-title\" style=\"text-align: center;\"><span style=\"color: #333333;\">\u00bfQUE HACE DIFERENTE ESTA EDICION?<\/span><\/h3><div class=\"siteorigin-widget-tinymce textwidget\"><p style=\"text-align: center; font-size: 20px; line-height: 30px;\">En\u00a0<strong>FUMEXPO INTERNACIONAL 2024<\/strong>\u00a0celebramos el presente, nos preparamos para el futuro y honramos nuestro legado. Desde los rituales funerarios prehisp\u00e1nicos hasta hoy, M\u00e9xico ha desarrollado una perspectiva \u00fanica sobre la muerte, admirada en todo el mundo.<\/p><\/div><\/div><\/div><\/div><\/div><div id=\"pg-106-1\" class=\"panel-grid panel-no-style\" data-style=\"{&quot;background_image_attachment&quot;:false,&quot;background_display&quot;:&quot;tile&quot;,&quot;background_image_size&quot;:&quot;full&quot;,&quot;background_image_opacity&quot;:&quot;100&quot;,&quot;border_thickness&quot;:&quot;1px&quot;,&quot;full_height&quot;:&quot;&quot;,&quot;lsow_dark_bg&quot;:&quot;&quot;,&quot;cell_alignment&quot;:&quot;flex-start&quot;}\"><div id=\"pgc-106-1-0\" class=\"panel-grid-cell\" data-weight=\"1\"><div id=\"panel-106-1-0-0\" class=\"so-panel widget widget_sow-editor panel-first-child\" data-index=\"1\" data-style=\"{&quot;background_image_attachment&quot;:false,&quot;background_display&quot;:&quot;tile&quot;,&quot;background_image_size&quot;:&quot;full&quot;,&quot;background_image_opacity&quot;:&quot;100&quot;,&quot;border_thickness&quot;:&quot;1px&quot;}\"><div class=\"so-widget-sow-editor so-widget-sow-editor-base\"><div class=\"siteorigin-widget-tinymce textwidget\"><p>\u00a0<\/p><div style=\"display: flex; justify-content: space-around; align-items: center;\"><div style=\"display: flex; justify-content: center; align-items: center; align-content: center; gap: 10px; margin-bottom: 30px;\"><p><img decoding=\"async\" src=\"https:\/\/img.icons8.com\/material\/24\/000000\/calendar--v1.png\" alt=\"calendar--v1\" width=\"24\" height=\"24\" \/><\/p><p style=\"text-align: center; font-weight: bold; font-size: 20px;\">Octubre 2,3 y 4<\/p><\/div><div style=\"display: flex; justify-content: center; align-items: center; align-content: center; gap: 10px;\"><p><img decoding=\"async\" src=\"https:\/\/img.icons8.com\/ios-filled\/50\/marker.png\" alt=\"marker\" width=\"24\" height=\"24\" \/><\/p><p style=\"text-align: center; font-weight: bold; font-size: 20px;\">Expo Guadalajara Sal\u00f3n C<\/p><\/div><\/div><\/div><\/div><\/div><div id=\"panel-106-1-0-1\" class=\"so-panel widget widget_sow-editor panel-last-child\" data-index=\"2\" data-style=\"{&quot;background_image_attachment&quot;:false,&quot;background_display&quot;:&quot;tile&quot;,&quot;background_image_size&quot;:&quot;full&quot;,&quot;background_image_opacity&quot;:&quot;100&quot;,&quot;border_thickness&quot;:&quot;1px&quot;}\"><div class=\"so-widget-sow-editor so-widget-sow-editor-base\"><div class=\"siteorigin-widget-tinymce textwidget\"><p>\u00a0<\/p><div><p style=\"text-align: center; font-weight: bold; font-size: 30px; color: #279a44; margin-bottom: 70px; line-height: 30px;\">Los 4 elementos que representan nuestras<br \/>ra\u00edces son:<\/p>&lt;\/div &#8220;&gt;<div style=\"margin-bottom: 40px; display: flex; justify-content: space-around; align-items: center; width: 100%; height: auto; flex-flow: wrap;\"><div style=\"display: flex; justify-content: center; align-items: center; flex-direction: column;\"><p><img decoding=\"async\" src=\"https:\/\/fumexpo.com\/wp-content\/uploads\/2024\/06\/FMX-24_Inicio_Imagen_03.png.avif\" \/><\/p><h2 style=\"color: #df5c10;\"><span style=\"color: #ff9900;\"><a style=\"color: #ff9900;\" href=\"https:\/\/www.youtube.com\/watch?v=oIW7cB_g0xM&amp;t=4s\" target=\"_blank\" rel=\"noopener\">Fuego<\/a><\/span><\/h2><p style=\"font-weight: bold; max-width: 200px; text-align: center;\">Expositorios y proveedores funerarios<\/p><\/div><div style=\"display: flex; justify-content: center; align-items: center; flex-direction: column;\"><p><img decoding=\"async\" src=\"https:\/\/fumexpo.com\/wp-content\/uploads\/2024\/06\/FMX-24_Inicio_Imagen_04.png.avif\" \/><\/p><h2 style=\"color: #c4bb9d;\"><a href=\"https:\/\/www.youtube.com\/watch?v=3bgyZLjWMAA\"><span style=\"color: #cccccc;\">Aire<\/span><\/a><\/h2><p style=\"font-weight: bold; max-width: 200px; text-align: center;\">Conferencias y talleres funerarios especializados<\/p><\/div><div style=\"display: flex; justify-content: center; align-items: center; flex-direction: column;\"><p><img decoding=\"async\" src=\"https:\/\/fumexpo.com\/wp-content\/uploads\/2024\/06\/FMX-24_Inicio_Imagen_05.png.avif\" \/><\/p><h2 style=\"color: #0483b2;\"><span style=\"color: #147da3;\"><a style=\"color: #147da3;\" href=\"https:\/\/www.youtube.com\/watch?v=je_KY2BroDg\">Agua<\/a><\/span><\/h2><p style=\"font-weight: bold; max-width: 200px; text-align: center;\">Eventos generales de FUMEXPO<\/p><\/div><div style=\"display: flex; justify-content: center; align-items: center; flex-direction: column;\"><p><img decoding=\"async\" src=\"https:\/\/fumexpo.com\/wp-content\/uploads\/2024\/06\/FMX-24_Inicio_Imagen_06.png.avif\" \/><\/p><h2 style=\"text-decoration: none; color: #92c01f;\"><span style=\"color: #7aa116;\"><a style=\"color: #7aa116;\" href=\"https:\/\/www.youtube.com\/watch?v=-FSMMMdnSuQ\">Tierra<\/a><\/span><\/h2><p style=\"font-weight: bold; max-width: 200px; text-align: center;\">Visitantes funerarios<\/p><\/div><\/div><\/div><\/div><\/div><\/div><\/div><\/div><\/div>\t\t\t\t\t\t\t\t<\/div>\n\t\t\t\t<\/div>\n\t\t\t\t\t<\/div>\n\t\t\t\t<\/div>\n\t\t\t\t<\/div>\n\t\t","protected":false},"excerpt":{"rendered":"<p>Descubre los 4 elementos que simbolizan nuestras ra\u00edces y que estar\u00e1n presentes en la edici\u00f3n 2024.<\/p>\n","protected":false},"author":3,"featured_media":0,"parent":0,"menu_order":0,"comment_status":"closed","ping_status":"closed","template":"","meta":{"footnotes":""},"class_list":["post-106","page","type-page","status-publish","hentry"],"_links":{"self":[{"href":"https:\/\/cofunex.com\/home\/wp-json\/wp\/v2\/pages\/106","targetHints":{"allow":["GET"]}}],"collection":[{"href":"https:\/\/cofunex.com\/home\/wp-json\/wp\/v2\/pages"}],"about":[{"href":"https:\/\/cofunex.com\/home\/wp-json\/wp\/v2\/types\/page"}],"author":[{"embeddable":true,"href":"https:\/\/cofunex.com\/home\/wp-json\/wp\/v2\/users\/3"}],"replies":[{"embeddable":true,"href":"https:\/\/cofunex.com\/home\/wp-json\/wp\/v2\/comments?post=106"}],"version-history":[{"count":66,"href":"https:\/\/cofunex.com\/home\/wp-json\/wp\/v2\/pages\/106\/revisions"}],"predecessor-version":[{"id":2424,"href":"https:\/\/cofunex.com\/home\/wp-json\/wp\/v2\/pages\/106\/revisions\/2424"}],"wp:attachment":[{"href":"https:\/\/cofunex.com\/home\/wp-json\/wp\/v2\/media?parent=106"}],"curies":[{"name":"wp","href":"https:\/\/api.w.org\/{rel}","templated":true}]}}