{"id":2220,"date":"2024-03-20T07:48:41","date_gmt":"2024-03-20T13:48:41","guid":{"rendered":"https:\/\/demosites.royal-elementor-addons.com\/solar-energy-v2\/?page_id=23"},"modified":"2024-08-16T20:04:58","modified_gmt":"2024-08-17T02:04:58","slug":"about-us","status":"publish","type":"page","link":"https:\/\/cofunex.com\/home\/about-us\/","title":{"rendered":"About Us"},"content":{"rendered":"\t\t<div data-elementor-type=\"wp-page\" data-elementor-id=\"2220\" class=\"elementor elementor-2220\">\n\t\t\t\t<div class=\"elementor-element elementor-element-179d1a4 e-flex e-con-boxed wpr-particle-no wpr-jarallax-no wpr-parallax-no wpr-sticky-section-no e-con e-parent\" data-id=\"179d1a4\" data-element_type=\"container\" data-settings=\"{&quot;background_background&quot;:&quot;classic&quot;}\">\n\t\t\t\t\t<div class=\"e-con-inner\">\n\t\t\t\t<div class=\"elementor-element elementor-element-4f11afb elementor-widget elementor-widget-heading\" data-id=\"4f11afb\" data-element_type=\"widget\" data-widget_type=\"heading.default\">\n\t\t\t\t<div class=\"elementor-widget-container\">\n\t\t\t\t\t<h2 class=\"elementor-heading-title elementor-size-default\">Sobre Nosotros<\/h2>\t\t\t\t<\/div>\n\t\t\t\t<\/div>\n\t\t\t\t\t<\/div>\n\t\t\t\t<\/div>\n\t\t<div class=\"elementor-element elementor-element-f260a65 e-flex e-con-boxed wpr-particle-no wpr-jarallax-no wpr-parallax-no wpr-sticky-section-no e-con e-parent\" data-id=\"f260a65\" data-element_type=\"container\">\n\t\t\t\t\t<div class=\"e-con-inner\">\n\t\t<div class=\"elementor-element elementor-element-e3d5003 e-flex e-con-boxed wpr-particle-no wpr-jarallax-no wpr-parallax-no wpr-sticky-section-no elementor-invisible e-con e-child\" data-id=\"e3d5003\" data-element_type=\"container\" data-settings=\"{&quot;animation&quot;:&quot;slideInLeft&quot;}\">\n\t\t\t\t\t<div class=\"e-con-inner\">\n\t\t\t\t<div class=\"elementor-element elementor-element-fe65450 elementor-widget elementor-widget-image\" data-id=\"fe65450\" data-element_type=\"widget\" data-widget_type=\"image.default\">\n\t\t\t\t<div class=\"elementor-widget-container\">\n\t\t\t\t\t\t\t\t\t\t\t\t\t\t\t<img fetchpriority=\"high\" decoding=\"async\" width=\"960\" height=\"960\" src=\"https:\/\/cofunex.com\/home\/wp-content\/uploads\/2024\/08\/449654214_1002301245236024_5306531037326020148_n-1024x1024.jpg\" class=\"attachment-large size-large wp-image-2688\" alt=\"\" srcset=\"https:\/\/cofunex.com\/home\/wp-content\/uploads\/2024\/08\/449654214_1002301245236024_5306531037326020148_n-1024x1024.jpg 1024w, https:\/\/cofunex.com\/home\/wp-content\/uploads\/2024\/08\/449654214_1002301245236024_5306531037326020148_n-300x300.jpg 300w, https:\/\/cofunex.com\/home\/wp-content\/uploads\/2024\/08\/449654214_1002301245236024_5306531037326020148_n-150x150.jpg 150w, https:\/\/cofunex.com\/home\/wp-content\/uploads\/2024\/08\/449654214_1002301245236024_5306531037326020148_n-768x768.jpg 768w, https:\/\/cofunex.com\/home\/wp-content\/uploads\/2024\/08\/449654214_1002301245236024_5306531037326020148_n-600x600.jpg 600w, https:\/\/cofunex.com\/home\/wp-content\/uploads\/2024\/08\/449654214_1002301245236024_5306531037326020148_n-100x100.jpg 100w, https:\/\/cofunex.com\/home\/wp-content\/uploads\/2024\/08\/449654214_1002301245236024_5306531037326020148_n.jpg 1200w\" sizes=\"(max-width: 960px) 100vw, 960px\" \/>\t\t\t\t\t\t\t\t\t\t\t\t\t\t\t<\/div>\n\t\t\t\t<\/div>\n\t\t\t\t\t<\/div>\n\t\t\t\t<\/div>\n\t\t<div class=\"elementor-element elementor-element-586167d e-flex e-con-boxed wpr-particle-no wpr-jarallax-no wpr-parallax-no wpr-sticky-section-no elementor-invisible e-con e-child\" data-id=\"586167d\" data-element_type=\"container\" data-settings=\"{&quot;animation&quot;:&quot;slideInRight&quot;}\">\n\t\t\t\t\t<div class=\"e-con-inner\">\n\t\t\t\t<div class=\"elementor-element elementor-element-cd68ab2 elementor-widget elementor-widget-heading\" data-id=\"cd68ab2\" data-element_type=\"widget\" data-widget_type=\"heading.default\">\n\t\t\t\t<div class=\"elementor-widget-container\">\n\t\t\t\t\t<h2 class=\"elementor-heading-title elementor-size-default\">\u00bfQui\u00e9nes somos?<\/h2>\t\t\t\t<\/div>\n\t\t\t\t<\/div>\n\t\t\t\t<div class=\"elementor-element elementor-element-321a0dd elementor-widget elementor-widget-text-editor\" data-id=\"321a0dd\" data-element_type=\"widget\" data-widget_type=\"text-editor.default\">\n\t\t\t\t<div class=\"elementor-widget-container\">\n\t\t\t\t\t\t\t\t\t<p>Somos una plataforma de especializaci\u00f3n en distintas \u00e1reas del sector funerario. Esto lo logramos por medio de capacitaci\u00f3n, asesor\u00eda, consultor\u00eda y apoyo t\u00e9cnico para los empresarios y colaboradores de las funerarias.<\/p><p>Por ello Cofunex es una corporaci\u00f3n multifac\u00e9tica donde nuestras siglas tienen un significado variante que coincida con los objetivos de cada campa\u00f1a y cada acci\u00f3n:<\/p><p><strong>Conferencias, Congresos, Corporaci\u00f3n, Conexiones, Consultora, Consejer\u00eda, Corporativo, Confederaci\u00f3n; puede ir mutando.<\/strong><\/p><p><strong>Expertise, Excelencia, Exportaci\u00f3n de servicios, Experiencia, Extraordinario, \u00c9xito, Exequias, entre otros.<\/strong><\/p>\t\t\t\t\t\t\t\t<\/div>\n\t\t\t\t<\/div>\n\t\t\t\t\t<\/div>\n\t\t\t\t<\/div>\n\t\t\t\t\t<\/div>\n\t\t\t\t<\/div>\n\t\t<div class=\"elementor-element elementor-element-e0ad640 e-flex e-con-boxed wpr-particle-no wpr-jarallax-no wpr-parallax-no wpr-sticky-section-no e-con e-parent\" data-id=\"e0ad640\" data-element_type=\"container\">\n\t\t\t\t\t<div class=\"e-con-inner\">\n\t\t\t\t<div class=\"elementor-element elementor-element-64bdf5b elementor-widget elementor-widget-heading\" data-id=\"64bdf5b\" data-element_type=\"widget\" data-widget_type=\"heading.default\">\n\t\t\t\t<div class=\"elementor-widget-container\">\n\t\t\t\t\t<h2 class=\"elementor-heading-title elementor-size-default\">\u00bfQu\u00e9 nos caracteriza?<\/h2>\t\t\t\t<\/div>\n\t\t\t\t<\/div>\n\t\t<div class=\"elementor-element elementor-element-0eaacad e-flex e-con-boxed wpr-particle-no wpr-jarallax-no wpr-parallax-no wpr-sticky-section-no e-con e-child\" data-id=\"0eaacad\" data-element_type=\"container\">\n\t\t\t\t\t<div class=\"e-con-inner\">\n\t\t<div class=\"elementor-element elementor-element-dde25c3 e-flex e-con-boxed wpr-particle-no wpr-jarallax-no wpr-parallax-no wpr-sticky-section-no e-con e-child\" data-id=\"dde25c3\" data-element_type=\"container\">\n\t\t\t\t\t<div class=\"e-con-inner\">\n\t\t\t\t<div class=\"elementor-element elementor-element-5d900fc wpr-flip-box-animation-fade wpr-flip-box-front-align-left wpr-flip-box-back-align-left elementor-invisible elementor-widget elementor-widget-wpr-flip-box\" data-id=\"5d900fc\" data-element_type=\"widget\" data-settings=\"{&quot;_animation&quot;:&quot;zoomIn&quot;}\" data-widget_type=\"wpr-flip-box.default\">\n\t\t\t\t<div class=\"elementor-widget-container\">\n\t\t\t\t\t\t\t\t\n\t\t<div class=\"wpr-flip-box\" data-trigger=\"hover\">\n\t\t\t\n\t\t\t<div class=\"wpr-flip-box-item wpr-flip-box-front wpr-anim-timing-ease-default\">\n\n\t\t\t\t<div class=\"wpr-flip-box-overlay\"><\/div>\n\n\t\t\t\t<div class=\"wpr-flip-box-content\">\n\t\t\t\t\t\n\t\t\t\t\t\t\t\t\t\t<div class=\"wpr-flip-box-icon\">\n\t\t\t\t\t\t<i class=\"fas fa-skiing-nordic\"><\/i>\n\t\t\t\t\t<\/div>\n\t\t\t\t\t\t\t\t\t\t\n\t\t\t\t\t\t\t\t\t\t\t<h3 class=\"wpr-flip-box-title\">Misi\u00f3n<\/h3>\n\t\t\t\t\t\n\t\t\t\t\t\t\t\t\t\t\t<div class=\"wpr-flip-box-description\"><p>Brindar herramientas F\u00edsicas y Digitales al alcance de las funerarias para lograr un crecimiento sostenible por medio de cursos, capacitaciones, talleres online y offline impartidos por especialistas y proveedores del sector funerario con m\u00e1s de 10 a\u00f1os de experiencia.<\/p><\/div>\t\t\t\t\t\t\n\t\t\t\t\t\t\n\n\t\t\t\t\t\t\n\n\t\t\t\t<\/div>\n\t\t\t<\/div>\n\n\t\t\t<div class=\"wpr-flip-box-item wpr-flip-box-back wpr-anim-timing-ease-default\">\n\n\t\t\t\t<div class=\"wpr-flip-box-overlay\"><\/div>\n\t\t\t\t\n\t\t\t\t<div class=\"wpr-flip-box-content\">\n\t\t\t\t\t\n\t\t\t\t\t\t\t\t\t\t<a class=\"wpr-flip-box-link\" href=\"#\"><\/a>\t\n\t\t\t\t\t\n\t\t\t\t\t\t\t\t\t\t<div class=\"wpr-flip-box-icon\">\n\t\t\t\t\t\t<i class=\"fas fa-check\"><\/i>\n\t\t\t\t\t<\/div>\n\t\t\t\t\t\t\t\t\t\t\n\t\t\t\t\t\n\t\t\t\t\t\t\t\t\t\t\t<div class=\"wpr-flip-box-description\"><p>Brindar herramientas F\u00edsicas y Digitales al alcance de las funerarias para lograr un crecimiento sostenible por medio de cursos, capacitaciones, talleres online y offline impartidos por especialistas y proveedores del sector funerario con m\u00e1s de 10 a\u00f1os de experiencia.<\/p><\/div>\t\t\t\t\t\t\n\t\t\t\t\t\t\n\n\t\t\t\t\t\t\n\n\t\t\t\t<\/div>\n\t\t\t<\/div>\n\t\t<\/div>\n\n\t\t\t\t\t\t<\/div>\n\t\t\t\t<\/div>\n\t\t\t\t\t<\/div>\n\t\t\t\t<\/div>\n\t\t<div class=\"elementor-element elementor-element-3d24e61 e-flex e-con-boxed wpr-particle-no wpr-jarallax-no wpr-parallax-no wpr-sticky-section-no e-con e-child\" data-id=\"3d24e61\" data-element_type=\"container\">\n\t\t\t\t\t<div class=\"e-con-inner\">\n\t\t\t\t<div class=\"elementor-element elementor-element-2dac03f wpr-flip-box-animation-fade wpr-flip-box-front-align-left wpr-flip-box-back-align-left elementor-invisible elementor-widget elementor-widget-wpr-flip-box\" data-id=\"2dac03f\" data-element_type=\"widget\" data-settings=\"{&quot;_animation&quot;:&quot;zoomIn&quot;,&quot;_animation_delay&quot;:100}\" data-widget_type=\"wpr-flip-box.default\">\n\t\t\t\t<div class=\"elementor-widget-container\">\n\t\t\t\t\t\t\t\t\n\t\t<div class=\"wpr-flip-box\" data-trigger=\"hover\">\n\t\t\t\n\t\t\t<div class=\"wpr-flip-box-item wpr-flip-box-front wpr-anim-timing-ease-default\">\n\n\t\t\t\t<div class=\"wpr-flip-box-overlay\"><\/div>\n\n\t\t\t\t<div class=\"wpr-flip-box-content\">\n\t\t\t\t\t\n\t\t\t\t\t\t\t\t\t\t<div class=\"wpr-flip-box-icon\">\n\t\t\t\t\t\t<i class=\"far fa-eye\"><\/i>\n\t\t\t\t\t<\/div>\n\t\t\t\t\t\t\t\t\t\t\n\t\t\t\t\t\t\t\t\t\t\t<h3 class=\"wpr-flip-box-title\">Vision<\/h3>\n\t\t\t\t\t\n\t\t\t\t\t\t\t\t\t\t\t<div class=\"wpr-flip-box-description\"><p>Ser un referente a nivel Latino Am\u00e9rica para la especializaci\u00f3n de empresarios y colaboradores del sector funerario.<\/p><\/div>\t\t\t\t\t\t\n\t\t\t\t\t\t\n\n\t\t\t\t\t\t\n\n\t\t\t\t<\/div>\n\t\t\t<\/div>\n\n\t\t\t<div class=\"wpr-flip-box-item wpr-flip-box-back wpr-anim-timing-ease-default\">\n\n\t\t\t\t<div class=\"wpr-flip-box-overlay\"><\/div>\n\t\t\t\t\n\t\t\t\t<div class=\"wpr-flip-box-content\">\n\t\t\t\t\t\n\t\t\t\t\t\t\t\t\t\t<a class=\"wpr-flip-box-link\" href=\"#\"><\/a>\t\n\t\t\t\t\t\n\t\t\t\t\t\t\t\t\t\t<div class=\"wpr-flip-box-icon\">\n\t\t\t\t\t\t<i class=\"fas fa-check\"><\/i>\n\t\t\t\t\t<\/div>\n\t\t\t\t\t\t\t\t\t\t\n\t\t\t\t\t\n\t\t\t\t\t\t\t\t\t\t\t<div class=\"wpr-flip-box-description\"><p>Ser un referente a nivel Latino Am\u00e9rica para la especializaci\u00f3n de empresarios y colaboradores del sector funerario.<\/p><\/div>\t\t\t\t\t\t\n\t\t\t\t\t\t\n\n\t\t\t\t\t\t\n\n\t\t\t\t<\/div>\n\t\t\t<\/div>\n\t\t<\/div>\n\n\t\t\t\t\t\t<\/div>\n\t\t\t\t<\/div>\n\t\t\t\t\t<\/div>\n\t\t\t\t<\/div>\n\t\t<div class=\"elementor-element elementor-element-4b33dc3 e-flex e-con-boxed wpr-particle-no wpr-jarallax-no wpr-parallax-no wpr-sticky-section-no e-con e-child\" data-id=\"4b33dc3\" data-element_type=\"container\">\n\t\t\t\t\t<div class=\"e-con-inner\">\n\t\t\t\t<div class=\"elementor-element elementor-element-a886432 wpr-flip-box-animation-fade wpr-flip-box-front-align-left wpr-flip-box-back-align-left elementor-invisible elementor-widget elementor-widget-wpr-flip-box\" data-id=\"a886432\" data-element_type=\"widget\" data-settings=\"{&quot;_animation&quot;:&quot;zoomIn&quot;,&quot;_animation_delay&quot;:200}\" data-widget_type=\"wpr-flip-box.default\">\n\t\t\t\t<div class=\"elementor-widget-container\">\n\t\t\t\t\t\t\t\t\n\t\t<div class=\"wpr-flip-box\" data-trigger=\"hover\">\n\t\t\t\n\t\t\t<div class=\"wpr-flip-box-item wpr-flip-box-front wpr-anim-timing-ease-default\">\n\n\t\t\t\t<div class=\"wpr-flip-box-overlay\"><\/div>\n\n\t\t\t\t<div class=\"wpr-flip-box-content\">\n\t\t\t\t\t\n\t\t\t\t\t\t\t\t\t\t<div class=\"wpr-flip-box-icon\">\n\t\t\t\t\t\t<i class=\"fas fa-compress-arrows-alt\"><\/i>\n\t\t\t\t\t<\/div>\n\t\t\t\t\t\t\t\t\t\t\n\t\t\t\t\t\t\t\t\t\t\t<h3 class=\"wpr-flip-box-title\">Valores<\/h3>\n\t\t\t\t\t\n\t\t\t\t\t\t\t\t\t\t\t<div class=\"wpr-flip-box-description\"><p>Nos comprometemos a ofrecer contenido de alta calidad y relevancia, garantizando que nuestras conferencias y recursos sean los mejores en el sector funerario.<\/p><\/div>\t\t\t\t\t\t\n\t\t\t\t\t\t\n\n\t\t\t\t\t\t\n\n\t\t\t\t<\/div>\n\t\t\t<\/div>\n\n\t\t\t<div class=\"wpr-flip-box-item wpr-flip-box-back wpr-anim-timing-ease-default\">\n\n\t\t\t\t<div class=\"wpr-flip-box-overlay\"><\/div>\n\t\t\t\t\n\t\t\t\t<div class=\"wpr-flip-box-content\">\n\t\t\t\t\t\n\t\t\t\t\t\t\t\t\t\t<a class=\"wpr-flip-box-link\" href=\"#\"><\/a>\t\n\t\t\t\t\t\n\t\t\t\t\t\t\t\t\t\t<div class=\"wpr-flip-box-icon\">\n\t\t\t\t\t\t<i class=\"fas fa-check\"><\/i>\n\t\t\t\t\t<\/div>\n\t\t\t\t\t\t\t\t\t\t\n\t\t\t\t\t\n\t\t\t\t\t\t\t\t\t\t\t<div class=\"wpr-flip-box-description\"><p>Nos comprometemos a ofrecer contenido de alta calidad y relevancia, garantizando que nuestras conferencias y recursos sean los mejores en el sector funerario.<\/p><\/div>\t\t\t\t\t\t\n\t\t\t\t\t\t\n\n\t\t\t\t\t\t\n\n\t\t\t\t<\/div>\n\t\t\t<\/div>\n\t\t<\/div>\n\n\t\t\t\t\t\t<\/div>\n\t\t\t\t<\/div>\n\t\t\t\t\t<\/div>\n\t\t\t\t<\/div>\n\t\t\t\t\t<\/div>\n\t\t\t\t<\/div>\n\t\t\t\t\t<\/div>\n\t\t\t\t<\/div>\n\t\t\t\t<\/div>\n\t\t","protected":false},"excerpt":{"rendered":"<p>Sobre Nosotros \u00bfQui\u00e9nes somos? Somos una plataforma de especializaci\u00f3n en distintas \u00e1reas del sector funerario. Esto lo logramos por medio de capacitaci\u00f3n, asesor\u00eda, consultor\u00eda y apoyo t\u00e9cnico para los empresarios y colaboradores de las funerarias. Por ello Cofunex es una corporaci\u00f3n multifac\u00e9tica donde nuestras siglas tienen un significado variante que coincida con los objetivos de cada campa\u00f1a y cada acci\u00f3n: Conferencias, Congresos, Corporaci\u00f3n, Conexiones, Consultora, Consejer\u00eda, Corporativo, Confederaci\u00f3n; puede ir mutando. Expertise, Excelencia, Exportaci\u00f3n de servicios, Experiencia, Extraordinario, \u00c9xito, Exequias, entre otros. \u00bfQu\u00e9 nos caracteriza? Misi\u00f3n Brindar herramientas F\u00edsicas y Digitales al alcance de las funerarias para lograr un crecimiento sostenible por medio de cursos, capacitaciones, talleres online y offline impartidos por especialistas y proveedores del sector funerario con m\u00e1s de 10 a\u00f1os de experiencia. Brindar herramientas F\u00edsicas y Digitales al alcance de las funerarias para lograr un crecimiento sostenible por medio de cursos, capacitaciones, talleres online y offline impartidos por especialistas y proveedores del sector funerario con m\u00e1s de 10 a\u00f1os de experiencia. Vision Ser un referente a nivel Latino Am\u00e9rica para la especializaci\u00f3n de empresarios y colaboradores del sector funerario. Ser un referente a nivel Latino Am\u00e9rica para la especializaci\u00f3n de empresarios y colaboradores del sector funerario. Valores Nos comprometemos a ofrecer contenido de alta calidad y relevancia, garantizando que nuestras conferencias y recursos sean los mejores en el sector funerario. Nos comprometemos a ofrecer contenido de alta calidad y relevancia, garantizando que nuestras conferencias y recursos sean los mejores en el sector funerario.<\/p>\n","protected":false},"author":3,"featured_media":0,"parent":0,"menu_order":0,"comment_status":"closed","ping_status":"closed","template":"elementor_canvas","meta":{"footnotes":""},"class_list":["post-2220","page","type-page","status-publish","hentry"],"_links":{"self":[{"href":"https:\/\/cofunex.com\/home\/wp-json\/wp\/v2\/pages\/2220","targetHints":{"allow":["GET"]}}],"collection":[{"href":"https:\/\/cofunex.com\/home\/wp-json\/wp\/v2\/pages"}],"about":[{"href":"https:\/\/cofunex.com\/home\/wp-json\/wp\/v2\/types\/page"}],"author":[{"embeddable":true,"href":"https:\/\/cofunex.com\/home\/wp-json\/wp\/v2\/users\/3"}],"replies":[{"embeddable":true,"href":"https:\/\/cofunex.com\/home\/wp-json\/wp\/v2\/comments?post=2220"}],"version-history":[{"count":15,"href":"https:\/\/cofunex.com\/home\/wp-json\/wp\/v2\/pages\/2220\/revisions"}],"predecessor-version":[{"id":2704,"href":"https:\/\/cofunex.com\/home\/wp-json\/wp\/v2\/pages\/2220\/revisions\/2704"}],"wp:attachment":[{"href":"https:\/\/cofunex.com\/home\/wp-json\/wp\/v2\/media?parent=2220"}],"curies":[{"name":"wp","href":"https:\/\/api.w.org\/{rel}","templated":true}]}}