{"id":353,"date":"2024-04-20T23:05:21","date_gmt":"2024-04-21T05:05:21","guid":{"rendered":"https:\/\/cofunex.com\/home\/?page_id=353"},"modified":"2024-09-18T11:59:47","modified_gmt":"2024-09-18T17:59:47","slug":"charla","status":"publish","type":"page","link":"https:\/\/cofunex.com\/home\/charla\/","title":{"rendered":"Charla"},"content":{"rendered":"\t\t<div data-elementor-type=\"wp-page\" data-elementor-id=\"353\" class=\"elementor elementor-353\">\n\t\t\t\t<div class=\"elementor-element elementor-element-49b2b3e e-flex e-con-boxed wpr-particle-no wpr-jarallax-no wpr-parallax-no wpr-sticky-section-no e-con e-parent\" data-id=\"49b2b3e\" data-element_type=\"container\">\n\t\t\t\t\t<div class=\"e-con-inner\">\n\t\t\t\t<div class=\"elementor-element elementor-element-918d7f1 elementor-hidden-mobile elementor-hidden-tablet elementor-invisible elementor-widget elementor-widget-image\" data-id=\"918d7f1\" data-element_type=\"widget\" data-settings=\"{&quot;_animation&quot;:&quot;zoomInDown&quot;}\" data-widget_type=\"image.default\">\n\t\t\t\t<div class=\"elementor-widget-container\">\n\t\t\t\t\t\t\t\t\t\t\t\t\t\t\t<img fetchpriority=\"high\" decoding=\"async\" width=\"1920\" height=\"1080\" src=\"https:\/\/cofunex.com\/home\/wp-content\/uploads\/2024\/09\/IMG-LANDING-min.png\" class=\"attachment-full size-full wp-image-2904\" alt=\"\" srcset=\"https:\/\/cofunex.com\/home\/wp-content\/uploads\/2024\/09\/IMG-LANDING-min.png 1920w, https:\/\/cofunex.com\/home\/wp-content\/uploads\/2024\/09\/IMG-LANDING-min-300x169.png 300w, https:\/\/cofunex.com\/home\/wp-content\/uploads\/2024\/09\/IMG-LANDING-min-1024x576.png 1024w, https:\/\/cofunex.com\/home\/wp-content\/uploads\/2024\/09\/IMG-LANDING-min-768x432.png 768w, https:\/\/cofunex.com\/home\/wp-content\/uploads\/2024\/09\/IMG-LANDING-min-1536x864.png 1536w, https:\/\/cofunex.com\/home\/wp-content\/uploads\/2024\/09\/IMG-LANDING-min-600x338.png 600w\" sizes=\"(max-width: 1920px) 100vw, 1920px\" \/>\t\t\t\t\t\t\t\t\t\t\t\t\t\t\t<\/div>\n\t\t\t\t<\/div>\n\t\t\t\t<div class=\"elementor-element elementor-element-726d97a elementor-hidden-desktop elementor-hidden-laptop elementor-invisible elementor-widget elementor-widget-image\" data-id=\"726d97a\" data-element_type=\"widget\" data-settings=\"{&quot;_animation&quot;:&quot;zoomInDown&quot;}\" data-widget_type=\"image.default\">\n\t\t\t\t<div class=\"elementor-widget-container\">\n\t\t\t\t\t\t\t\t\t\t\t\t\t\t\t<img decoding=\"async\" width=\"1200\" height=\"1200\" src=\"https:\/\/cofunex.com\/home\/wp-content\/uploads\/2024\/09\/IMG-FACEBOOK-min.png\" class=\"attachment-full size-full wp-image-2905\" alt=\"\" srcset=\"https:\/\/cofunex.com\/home\/wp-content\/uploads\/2024\/09\/IMG-FACEBOOK-min.png 1200w, https:\/\/cofunex.com\/home\/wp-content\/uploads\/2024\/09\/IMG-FACEBOOK-min-300x300.png 300w, https:\/\/cofunex.com\/home\/wp-content\/uploads\/2024\/09\/IMG-FACEBOOK-min-1024x1024.png 1024w, https:\/\/cofunex.com\/home\/wp-content\/uploads\/2024\/09\/IMG-FACEBOOK-min-150x150.png 150w, https:\/\/cofunex.com\/home\/wp-content\/uploads\/2024\/09\/IMG-FACEBOOK-min-768x768.png 768w, https:\/\/cofunex.com\/home\/wp-content\/uploads\/2024\/09\/IMG-FACEBOOK-min-600x600.png 600w, https:\/\/cofunex.com\/home\/wp-content\/uploads\/2024\/09\/IMG-FACEBOOK-min-100x100.png 100w\" sizes=\"(max-width: 1200px) 100vw, 1200px\" \/>\t\t\t\t\t\t\t\t\t\t\t\t\t\t\t<\/div>\n\t\t\t\t<\/div>\n\t\t\t\t\t<\/div>\n\t\t\t\t<\/div>\n\t\t<div class=\"elementor-element elementor-element-5997f71 e-flex e-con-boxed wpr-particle-no wpr-jarallax-no wpr-parallax-no wpr-sticky-section-no e-con e-parent\" data-id=\"5997f71\" data-element_type=\"container\">\n\t\t\t\t\t<div class=\"e-con-inner\">\n\t\t<div class=\"elementor-element elementor-element-881d8ab e-con-full e-flex wpr-particle-no wpr-jarallax-no wpr-parallax-no wpr-sticky-section-no e-con e-child\" data-id=\"881d8ab\" data-element_type=\"container\">\n\t\t\t\t<div class=\"elementor-element elementor-element-6692994 elementor-widget elementor-widget-heading\" data-id=\"6692994\" data-element_type=\"widget\" data-widget_type=\"heading.default\">\n\t\t\t\t<div class=\"elementor-widget-container\">\n\t\t\t\t\t<h2 class=\"elementor-heading-title elementor-size-default\">CHARLA GRATUITA<\/h2>\t\t\t\t<\/div>\n\t\t\t\t<\/div>\n\t\t<div class=\"elementor-element elementor-element-cfed6d2 e-flex e-con-boxed wpr-particle-no wpr-jarallax-no wpr-parallax-no wpr-sticky-section-no e-con e-child\" data-id=\"cfed6d2\" data-element_type=\"container\">\n\t\t\t\t\t<div class=\"e-con-inner\">\n\t\t\t\t<div class=\"elementor-element elementor-element-d242a8b elementor-position-left elementor-view-default elementor-mobile-position-top elementor-widget elementor-widget-icon-box\" data-id=\"d242a8b\" data-element_type=\"widget\" data-widget_type=\"icon-box.default\">\n\t\t\t\t<div class=\"elementor-widget-container\">\n\t\t\t\t\t\t\t<div class=\"elementor-icon-box-wrapper\">\n\n\t\t\t\t\t\t<div class=\"elementor-icon-box-icon\">\n\t\t\t\t<span  class=\"elementor-icon\">\n\t\t\t\t<svg aria-hidden=\"true\" class=\"e-font-icon-svg e-far-calendar-alt\" viewBox=\"0 0 448 512\" xmlns=\"http:\/\/www.w3.org\/2000\/svg\"><path d=\"M148 288h-40c-6.6 0-12-5.4-12-12v-40c0-6.6 5.4-12 12-12h40c6.6 0 12 5.4 12 12v40c0 6.6-5.4 12-12 12zm108-12v-40c0-6.6-5.4-12-12-12h-40c-6.6 0-12 5.4-12 12v40c0 6.6 5.4 12 12 12h40c6.6 0 12-5.4 12-12zm96 0v-40c0-6.6-5.4-12-12-12h-40c-6.6 0-12 5.4-12 12v40c0 6.6 5.4 12 12 12h40c6.6 0 12-5.4 12-12zm-96 96v-40c0-6.6-5.4-12-12-12h-40c-6.6 0-12 5.4-12 12v40c0 6.6 5.4 12 12 12h40c6.6 0 12-5.4 12-12zm-96 0v-40c0-6.6-5.4-12-12-12h-40c-6.6 0-12 5.4-12 12v40c0 6.6 5.4 12 12 12h40c6.6 0 12-5.4 12-12zm192 0v-40c0-6.6-5.4-12-12-12h-40c-6.6 0-12 5.4-12 12v40c0 6.6 5.4 12 12 12h40c6.6 0 12-5.4 12-12zm96-260v352c0 26.5-21.5 48-48 48H48c-26.5 0-48-21.5-48-48V112c0-26.5 21.5-48 48-48h48V12c0-6.6 5.4-12 12-12h40c6.6 0 12 5.4 12 12v52h128V12c0-6.6 5.4-12 12-12h40c6.6 0 12 5.4 12 12v52h48c26.5 0 48 21.5 48 48zm-48 346V160H48v298c0 3.3 2.7 6 6 6h340c3.3 0 6-2.7 6-6z\"><\/path><\/svg>\t\t\t\t<\/span>\n\t\t\t<\/div>\n\t\t\t\n\t\t\t\t\t\t<div class=\"elementor-icon-box-content\">\n\n\t\t\t\t\t\t\t\t\t<h3 class=\"elementor-icon-box-title\">\n\t\t\t\t\t\t<span  >\n\t\t\t\t\t\t\tViernes 20 de septiembre\t\t\t\t\t\t<\/span>\n\t\t\t\t\t<\/h3>\n\t\t\t\t\n\t\t\t\t\n\t\t\t<\/div>\n\t\t\t\n\t\t<\/div>\n\t\t\t\t\t\t<\/div>\n\t\t\t\t<\/div>\n\t\t\t\t<div class=\"elementor-element elementor-element-de5abfc elementor-position-left elementor-view-default elementor-mobile-position-top elementor-widget elementor-widget-icon-box\" data-id=\"de5abfc\" data-element_type=\"widget\" data-widget_type=\"icon-box.default\">\n\t\t\t\t<div class=\"elementor-widget-container\">\n\t\t\t\t\t\t\t<div class=\"elementor-icon-box-wrapper\">\n\n\t\t\t\t\t\t<div class=\"elementor-icon-box-icon\">\n\t\t\t\t<span  class=\"elementor-icon\">\n\t\t\t\t<svg aria-hidden=\"true\" class=\"e-font-icon-svg e-far-clock\" viewBox=\"0 0 512 512\" xmlns=\"http:\/\/www.w3.org\/2000\/svg\"><path d=\"M256 8C119 8 8 119 8 256s111 248 248 248 248-111 248-248S393 8 256 8zm0 448c-110.5 0-200-89.5-200-200S145.5 56 256 56s200 89.5 200 200-89.5 200-200 200zm61.8-104.4l-84.9-61.7c-3.1-2.3-4.9-5.9-4.9-9.7V116c0-6.6 5.4-12 12-12h32c6.6 0 12 5.4 12 12v141.7l66.8 48.6c5.4 3.9 6.5 11.4 2.6 16.8L334.6 349c-3.9 5.3-11.4 6.5-16.8 2.6z\"><\/path><\/svg>\t\t\t\t<\/span>\n\t\t\t<\/div>\n\t\t\t\n\t\t\t\t\t\t<div class=\"elementor-icon-box-content\">\n\n\t\t\t\t\t\t\t\t\t<h3 class=\"elementor-icon-box-title\">\n\t\t\t\t\t\t<span  >\n\t\t\t\t\t\t\t7:00 pm.\t\t\t\t\t\t<\/span>\n\t\t\t\t\t<\/h3>\n\t\t\t\t\n\t\t\t\t\n\t\t\t<\/div>\n\t\t\t\n\t\t<\/div>\n\t\t\t\t\t\t<\/div>\n\t\t\t\t<\/div>\n\t\t\t\t\t<\/div>\n\t\t\t\t<\/div>\n\t\t\t\t<div class=\"elementor-element elementor-element-d064a02 elementor-widget elementor-widget-heading\" data-id=\"d064a02\" data-element_type=\"widget\" data-widget_type=\"heading.default\">\n\t\t\t\t<div class=\"elementor-widget-container\">\n\t\t\t\t\t<h2 class=\"elementor-heading-title elementor-size-default\">Atenci\u00f3n especializada en sentido humano-emocional<\/h2>\t\t\t\t<\/div>\n\t\t\t\t<\/div>\n\t\t\t\t<div class=\"elementor-element elementor-element-f5bf5dc elementor-widget elementor-widget-text-editor\" data-id=\"f5bf5dc\" data-element_type=\"widget\" data-widget_type=\"text-editor.default\">\n\t\t\t\t<div class=\"elementor-widget-container\">\n\t\t\t\t\t\t\t\t\t<p>El giro funerario hoy en d\u00eda es un tema trascendente que cada vez est\u00e1 en aunmento, pero dentro de esas caracter\u00edsticas que observamos estamos completamente convencidos que se est\u00e1 orillando a un sentido humano-emocional. Nuestra tanat\u00f3loga internacional, Yaneth Rubio Piniilla, nos ayudar\u00e1 a entender la importancia de atender a nuestra comunidad doliente y a sus familiares cuando se est\u00e1 pasando por el duelo en esos momentos y posteriores a ellos.<\/p><p>Te invitamos a registrarte a nuestra charla \u00abInteligencia Emocional en la Atenci\u00f3n del Servicio Funerario\u00bb, recuerda que es de manera gratuita, solo tienes que poner los datos de tu funeraria o bien, si la representas.<br \/>\u00a1No esperes m\u00e1s y da el siguiente paso con tu funeraria!<\/p><p>Nos vemos el viernes.<\/p>\t\t\t\t\t\t\t\t<\/div>\n\t\t\t\t<\/div>\n\t\t\t\t<\/div>\n\t\t<div class=\"elementor-element elementor-element-034eeda e-con-full e-flex wpr-particle-no wpr-jarallax-no wpr-parallax-no wpr-sticky-section-no e-con e-child\" data-id=\"034eeda\" data-element_type=\"container\">\n\t\t\t\t<div class=\"elementor-element elementor-element-33f1607 elementor-widget elementor-widget-html\" data-id=\"33f1607\" data-element_type=\"widget\" data-widget_type=\"html.default\">\n\t\t\t\t<div class=\"elementor-widget-container\">\n\t\t\t\t\t<iframe scrolling=\"auto\" src=\"https:\/\/sales.portal24x7.com\/document.php?module=form&option=optin&action=show&parm1=322&parm2=1\" frameborder=\"0\" height=\"400\" width=\"600\"><\/iframe>\t\t\t\t<\/div>\n\t\t\t\t<\/div>\n\t\t\t\t<\/div>\n\t\t\t\t\t<\/div>\n\t\t\t\t<\/div>\n\t\t<div class=\"elementor-element elementor-element-61fe535 e-flex e-con-boxed wpr-particle-no wpr-jarallax-no wpr-parallax-no wpr-sticky-section-no e-con e-parent\" data-id=\"61fe535\" data-element_type=\"container\">\n\t\t\t\t\t<div class=\"e-con-inner\">\n\t\t\t\t<div class=\"elementor-element elementor-element-9b44702 elementor-view-default elementor-position-top elementor-mobile-position-top elementor-widget elementor-widget-icon-box\" data-id=\"9b44702\" data-element_type=\"widget\" data-widget_type=\"icon-box.default\">\n\t\t\t\t<div class=\"elementor-widget-container\">\n\t\t\t\t\t\t\t<div class=\"elementor-icon-box-wrapper\">\n\n\t\t\t\t\t\t<div class=\"elementor-icon-box-icon\">\n\t\t\t\t<span  class=\"elementor-icon\">\n\t\t\t\t<svg aria-hidden=\"true\" class=\"e-font-icon-svg e-fas-user-tie\" viewBox=\"0 0 448 512\" xmlns=\"http:\/\/www.w3.org\/2000\/svg\"><path d=\"M224 256c70.7 0 128-57.3 128-128S294.7 0 224 0 96 57.3 96 128s57.3 128 128 128zm95.8 32.6L272 480l-32-136 32-56h-96l32 56-32 136-47.8-191.4C56.9 292 0 350.3 0 422.4V464c0 26.5 21.5 48 48 48h352c26.5 0 48-21.5 48-48v-41.6c0-72.1-56.9-130.4-128.2-133.8z\"><\/path><\/svg>\t\t\t\t<\/span>\n\t\t\t<\/div>\n\t\t\t\n\t\t\t\t\t\t<div class=\"elementor-icon-box-content\">\n\n\t\t\t\t\t\t\t\t\t<h3 class=\"elementor-icon-box-title\">\n\t\t\t\t\t\t<span  >\n\t\t\t\t\t\t\t\u00a1No pierda esta oportunidad \u00fanica de potenciar su negocio funerario <br>con las \u00faltimas tendencias en marketing digital!\t\t\t\t\t\t<\/span>\n\t\t\t\t\t<\/h3>\n\t\t\t\t\n\t\t\t\t\n\t\t\t<\/div>\n\t\t\t\n\t\t<\/div>\n\t\t\t\t\t\t<\/div>\n\t\t\t\t<\/div>\n\t\t\t\t\t<\/div>\n\t\t\t\t<\/div>\n\t\t<div class=\"elementor-element elementor-element-d687b70 e-flex e-con-boxed wpr-particle-no wpr-jarallax-no wpr-parallax-no wpr-sticky-section-no e-con e-parent\" data-id=\"d687b70\" data-element_type=\"container\">\n\t\t\t\t\t<div class=\"e-con-inner\">\n\t\t<div class=\"elementor-element elementor-element-a236018 e-con-full e-flex wpr-particle-no wpr-jarallax-no wpr-parallax-no wpr-sticky-section-no e-con e-child\" data-id=\"a236018\" data-element_type=\"container\">\n\t\t\t\t<div class=\"elementor-element elementor-element-de1c953 elementor-widget elementor-widget-image\" data-id=\"de1c953\" data-element_type=\"widget\" data-widget_type=\"image.default\">\n\t\t\t\t<div class=\"elementor-widget-container\">\n\t\t\t\t\t\t\t\t\t\t\t\t\t\t\t<img decoding=\"async\" src=\"https:\/\/cofunex.com\/home\/wp-content\/uploads\/elementor\/thumbs\/yaneth3-qsnumbiwih8q37nj4goqw33cnki8uhpx2ctbgjwbwg.jpg\" title=\"yaneth3\" alt=\"yaneth3\" loading=\"lazy\" \/>\t\t\t\t\t\t\t\t\t\t\t\t\t\t\t<\/div>\n\t\t\t\t<\/div>\n\t\t\t\t<\/div>\n\t\t<div class=\"elementor-element elementor-element-0d3a888 e-con-full e-flex wpr-particle-no wpr-jarallax-no wpr-parallax-no wpr-sticky-section-no e-con e-child\" data-id=\"0d3a888\" data-element_type=\"container\">\n\t\t\t\t<div class=\"elementor-element elementor-element-d1b57a1 elementor-widget elementor-widget-heading\" data-id=\"d1b57a1\" data-element_type=\"widget\" data-widget_type=\"heading.default\">\n\t\t\t\t<div class=\"elementor-widget-container\">\n\t\t\t\t\t<h2 class=\"elementor-heading-title elementor-size-default\">CONOCE AL PONENTE<\/h2>\t\t\t\t<\/div>\n\t\t\t\t<\/div>\n\t\t\t\t<div class=\"elementor-element elementor-element-5e91850 elementor-widget elementor-widget-heading\" data-id=\"5e91850\" data-element_type=\"widget\" data-widget_type=\"heading.default\">\n\t\t\t\t<div class=\"elementor-widget-container\">\n\t\t\t\t\t<h2 class=\"elementor-heading-title elementor-size-default\"><h1 style=\"font-size: 26px;text-align: center\"><span style=\"color: var( --e-global-color-accent );font-family: Roboto, sans-serif;font-size: 40px;text-align: var(--text-align)\">Yaneth Rubio Pinilla<\/span><\/h1><\/h2>\t\t\t\t<\/div>\n\t\t\t\t<\/div>\n\t\t\t\t<div class=\"elementor-element elementor-element-d0b8f8a elementor-widget elementor-widget-text-editor\" data-id=\"d0b8f8a\" data-element_type=\"widget\" data-widget_type=\"text-editor.default\">\n\t\t\t\t<div class=\"elementor-widget-container\">\n\t\t\t\t\t\t\t\t\t<p>Enfoco mi trabajo al desarrollo individual y grupal, potenciando en las personas sus habilidades relacionales e interpersonales, con creatividad y liderazgo.<\/p><p>Todo esto inici\u00f3 cuando me di cuenta que vivir en bienestar es posible y tom\u00e9 la decisi\u00f3n de dejar fuera de m\u00ed todo lo que no me era \u00fatil y luego de transitar algunos procesos de sanaci\u00f3n emocional y espiritual puedo declarar que mi vida es armoniosa, abundante y productiva. Me he formado desde la psicolog\u00eda, la tanatolog\u00eda, la terapia familiar, el coaching de vida y la formaci\u00f3n online.<\/p><p>Misi\u00f3n de vida: Inspirar a que el amor es el reconocimiento de que no hay finales, hay nuevos comienzos.<\/p><p>Actualmente soy Directora de Proyectos y Consultor\u00eda para Latinoam\u00e9rica en Fundaci\u00f3n Abrazamos, desde donde se ofrece formaci\u00f3n y acompa\u00f1amiento en duelo;<\/p><p>Escribo para publicaciones en revistas especializadas en temas de duelo, desarrollo personal, desarrollo corporativo. En la atenci\u00f3n del doliente escrib\u00ed el protocolo de atenci\u00f3n de servicios funerarios. Oriento la implementaci\u00f3n de Unidades de Duelo.<\/p><p>Acompa\u00f1o desde grupos de apoyo y consulta individual a quienes transitan por el dolor de la p\u00e9rdida significativa.<\/p>\t\t\t\t\t\t\t\t<\/div>\n\t\t\t\t<\/div>\n\t\t\t\t<\/div>\n\t\t\t\t\t<\/div>\n\t\t\t\t<\/div>\n\t\t\t\t<\/div>\n\t\t","protected":false},"excerpt":{"rendered":"<p>CHARLA GRATUITA Viernes 20 de septiembre 7:00 pm. Atenci\u00f3n especializada en sentido humano-emocional El giro funerario hoy en d\u00eda es un tema trascendente que cada vez est\u00e1 en aunmento, pero dentro de esas caracter\u00edsticas que observamos estamos completamente convencidos que se est\u00e1 orillando a un sentido humano-emocional. Nuestra tanat\u00f3loga internacional, Yaneth Rubio Piniilla, nos ayudar\u00e1 a entender la importancia de atender a nuestra comunidad doliente y a sus familiares cuando se est\u00e1 pasando por el duelo en esos momentos y posteriores a ellos. Te invitamos a registrarte a nuestra charla \u00abInteligencia Emocional en la Atenci\u00f3n del Servicio Funerario\u00bb, recuerda que es de manera gratuita, solo tienes que poner los datos de tu funeraria o bien, si la representas.\u00a1No esperes m\u00e1s y da el siguiente paso con tu funeraria! Nos vemos el viernes. \u00a1No pierda esta oportunidad \u00fanica de potenciar su negocio funerario con las \u00faltimas tendencias en marketing digital! CONOCE AL PONENTE Yaneth Rubio Pinilla Enfoco mi trabajo al desarrollo individual y grupal, potenciando en las personas sus habilidades relacionales e interpersonales, con creatividad y liderazgo. Todo esto inici\u00f3 cuando me di cuenta que vivir en bienestar es posible y tom\u00e9 la decisi\u00f3n de dejar fuera de m\u00ed todo lo que no me era \u00fatil y luego de transitar algunos procesos de sanaci\u00f3n emocional y espiritual puedo declarar que mi vida es armoniosa, abundante y productiva. Me he formado desde la psicolog\u00eda, la tanatolog\u00eda, la terapia familiar, el coaching de vida y la formaci\u00f3n online. Misi\u00f3n de vida: Inspirar a que el amor es el reconocimiento de que no hay finales, hay nuevos comienzos. Actualmente soy Directora de Proyectos y Consultor\u00eda para Latinoam\u00e9rica en Fundaci\u00f3n Abrazamos, desde donde se ofrece formaci\u00f3n y acompa\u00f1amiento en duelo; Escribo para publicaciones en revistas especializadas en temas de duelo, desarrollo personal, desarrollo corporativo. En la atenci\u00f3n del doliente escrib\u00ed el protocolo de atenci\u00f3n de servicios funerarios. Oriento la implementaci\u00f3n de Unidades de Duelo. Acompa\u00f1o desde grupos de apoyo y consulta individual a quienes transitan por el dolor de la p\u00e9rdida significativa.<\/p>\n","protected":false},"author":3,"featured_media":0,"parent":0,"menu_order":0,"comment_status":"closed","ping_status":"closed","template":"elementor_canvas","meta":{"footnotes":""},"class_list":["post-353","page","type-page","status-publish","hentry"],"_links":{"self":[{"href":"https:\/\/cofunex.com\/home\/wp-json\/wp\/v2\/pages\/353","targetHints":{"allow":["GET"]}}],"collection":[{"href":"https:\/\/cofunex.com\/home\/wp-json\/wp\/v2\/pages"}],"about":[{"href":"https:\/\/cofunex.com\/home\/wp-json\/wp\/v2\/types\/page"}],"author":[{"embeddable":true,"href":"https:\/\/cofunex.com\/home\/wp-json\/wp\/v2\/users\/3"}],"replies":[{"embeddable":true,"href":"https:\/\/cofunex.com\/home\/wp-json\/wp\/v2\/comments?post=353"}],"version-history":[{"count":100,"href":"https:\/\/cofunex.com\/home\/wp-json\/wp\/v2\/pages\/353\/revisions"}],"predecessor-version":[{"id":2918,"href":"https:\/\/cofunex.com\/home\/wp-json\/wp\/v2\/pages\/353\/revisions\/2918"}],"wp:attachment":[{"href":"https:\/\/cofunex.com\/home\/wp-json\/wp\/v2\/media?parent=353"}],"curies":[{"name":"wp","href":"https:\/\/api.w.org\/{rel}","templated":true}]}}