{"id":64,"date":"2018-03-02T09:58:59","date_gmt":"2018-03-02T09:58:59","guid":{"rendered":"http:\/\/demo.acmethemes.com\/event-star\/?page_id=184"},"modified":"2024-08-16T20:52:17","modified_gmt":"2024-08-17T02:52:17","slug":"asle-jenny","status":"publish","type":"page","link":"https:\/\/cofunex.com\/home\/asle-jenny\/","title":{"rendered":"Psic\u00f3l. Yaneth Rubio Pinilla"},"content":{"rendered":"\t\t<div data-elementor-type=\"wp-page\" data-elementor-id=\"64\" class=\"elementor elementor-64\">\n\t\t\t\t<div class=\"elementor-element elementor-element-9779b07 e-flex e-con-boxed wpr-particle-no wpr-jarallax-no wpr-parallax-no wpr-sticky-section-no e-con e-parent\" data-id=\"9779b07\" data-element_type=\"container\">\n\t\t\t\t\t<div class=\"e-con-inner\">\n\t\t<div class=\"elementor-element elementor-element-ee353f4 e-con-full e-flex wpr-particle-no wpr-jarallax-no wpr-parallax-no wpr-sticky-section-no e-con e-child\" data-id=\"ee353f4\" data-element_type=\"container\">\n\t\t<div class=\"elementor-element elementor-element-a1e03fb e-con-full e-flex wpr-particle-no wpr-jarallax-no wpr-parallax-no wpr-sticky-section-no e-con e-child\" data-id=\"a1e03fb\" data-element_type=\"container\">\n\t\t\t\t<div class=\"elementor-element elementor-element-be0441e elementor-widget elementor-widget-image\" data-id=\"be0441e\" data-element_type=\"widget\" data-widget_type=\"image.default\">\n\t\t\t\t<div class=\"elementor-widget-container\">\n\t\t\t\t\t\t\t\t\t\t\t\t\t\t\t<img fetchpriority=\"high\" decoding=\"async\" width=\"786\" height=\"1024\" src=\"https:\/\/cofunex.com\/home\/wp-content\/uploads\/2024\/08\/yaneth3-786x1024.jpg\" class=\"attachment-large size-large wp-image-2572\" alt=\"\" srcset=\"https:\/\/cofunex.com\/home\/wp-content\/uploads\/2024\/08\/yaneth3-786x1024.jpg 786w, https:\/\/cofunex.com\/home\/wp-content\/uploads\/2024\/08\/yaneth3-230x300.jpg 230w, https:\/\/cofunex.com\/home\/wp-content\/uploads\/2024\/08\/yaneth3-768x1000.jpg 768w, https:\/\/cofunex.com\/home\/wp-content\/uploads\/2024\/08\/yaneth3-600x782.jpg 600w, https:\/\/cofunex.com\/home\/wp-content\/uploads\/2024\/08\/yaneth3.jpg 800w\" sizes=\"(max-width: 786px) 100vw, 786px\" \/>\t\t\t\t\t\t\t\t\t\t\t\t\t\t\t<\/div>\n\t\t\t\t<\/div>\n\t\t\t\t<\/div>\n\t\t<div class=\"elementor-element elementor-element-482d70a e-con-full e-flex wpr-particle-no wpr-jarallax-no wpr-parallax-no wpr-sticky-section-no e-con e-child\" data-id=\"482d70a\" data-element_type=\"container\">\n\t\t\t\t<div class=\"elementor-element elementor-element-77ea110 elementor-widget elementor-widget-heading\" data-id=\"77ea110\" data-element_type=\"widget\" data-widget_type=\"heading.default\">\n\t\t\t\t<div class=\"elementor-widget-container\">\n\t\t\t\t\t<h1 class=\"elementor-heading-title elementor-size-default\">PSIC. YANETH RUBIO PINILLA\n<\/h1>\t\t\t\t<\/div>\n\t\t\t\t<\/div>\n\t\t\t\t<div class=\"elementor-element elementor-element-7810b28 elementor-icon-list--layout-traditional elementor-list-item-link-full_width elementor-widget elementor-widget-icon-list\" data-id=\"7810b28\" data-element_type=\"widget\" data-widget_type=\"icon-list.default\">\n\t\t\t\t<div class=\"elementor-widget-container\">\n\t\t\t\t\t\t\t<ul class=\"elementor-icon-list-items\">\n\t\t\t\t\t\t\t<li class=\"elementor-icon-list-item\">\n\t\t\t\t\t\t\t\t\t\t\t<span class=\"elementor-icon-list-icon\">\n\t\t\t\t\t\t\t<svg aria-hidden=\"true\" class=\"e-font-icon-svg e-fas-dot-circle\" viewBox=\"0 0 512 512\" xmlns=\"http:\/\/www.w3.org\/2000\/svg\"><path d=\"M256 8C119.033 8 8 119.033 8 256s111.033 248 248 248 248-111.033 248-248S392.967 8 256 8zm80 248c0 44.112-35.888 80-80 80s-80-35.888-80-80 35.888-80 80-80 80 35.888 80 80z\"><\/path><\/svg>\t\t\t\t\t\t<\/span>\n\t\t\t\t\t\t\t\t\t\t<span class=\"elementor-icon-list-text\">Formaci\u00f3n en duelo y tanatolog\u00eda\u200b<\/span>\n\t\t\t\t\t\t\t\t\t<\/li>\n\t\t\t\t\t\t\t\t<li class=\"elementor-icon-list-item\">\n\t\t\t\t\t\t\t\t\t\t\t<span class=\"elementor-icon-list-icon\">\n\t\t\t\t\t\t\t<svg aria-hidden=\"true\" class=\"e-font-icon-svg e-fas-dot-circle\" viewBox=\"0 0 512 512\" xmlns=\"http:\/\/www.w3.org\/2000\/svg\"><path d=\"M256 8C119.033 8 8 119.033 8 256s111.033 248 248 248 248-111.033 248-248S392.967 8 256 8zm80 248c0 44.112-35.888 80-80 80s-80-35.888-80-80 35.888-80 80-80 80 35.888 80 80z\"><\/path><\/svg>\t\t\t\t\t\t<\/span>\n\t\t\t\t\t\t\t\t\t\t<span class=\"elementor-icon-list-text\">Coaching de gesti\u00f3n emocional\u200b<\/span>\n\t\t\t\t\t\t\t\t\t<\/li>\n\t\t\t\t\t\t\t\t<li class=\"elementor-icon-list-item\">\n\t\t\t\t\t\t\t\t\t\t\t<span class=\"elementor-icon-list-icon\">\n\t\t\t\t\t\t\t<svg aria-hidden=\"true\" class=\"e-font-icon-svg e-fas-dot-circle\" viewBox=\"0 0 512 512\" xmlns=\"http:\/\/www.w3.org\/2000\/svg\"><path d=\"M256 8C119.033 8 8 119.033 8 256s111.033 248 248 248 248-111.033 248-248S392.967 8 256 8zm80 248c0 44.112-35.888 80-80 80s-80-35.888-80-80 35.888-80 80-80 80 35.888 80 80z\"><\/path><\/svg>\t\t\t\t\t\t<\/span>\n\t\t\t\t\t\t\t\t\t\t<span class=\"elementor-icon-list-text\">Coaching de gesti\u00f3n organizacional\u200b<\/span>\n\t\t\t\t\t\t\t\t\t<\/li>\n\t\t\t\t\t\t<\/ul>\n\t\t\t\t\t\t<\/div>\n\t\t\t\t<\/div>\n\t\t<div class=\"elementor-element elementor-element-352a3e7 e-con-full e-flex wpr-particle-no wpr-jarallax-no wpr-parallax-no wpr-sticky-section-no e-con e-child\" data-id=\"352a3e7\" data-element_type=\"container\">\n\t\t\t\t<div class=\"elementor-element elementor-element-bedaa1e elementor-widget elementor-widget-text-editor\" data-id=\"bedaa1e\" data-element_type=\"widget\" data-widget_type=\"text-editor.default\">\n\t\t\t\t<div class=\"elementor-widget-container\">\n\t\t\t\t\t\t\t\t\t<h6 style=\"text-align: right;\"><strong>Sigueme en mis redes sociales:<\/strong><\/h6>\t\t\t\t\t\t\t\t<\/div>\n\t\t\t\t<\/div>\n\t\t<div class=\"elementor-element elementor-element-cb830e8 e-con-full e-flex wpr-particle-no wpr-jarallax-no wpr-parallax-no wpr-sticky-section-no e-con e-child\" data-id=\"cb830e8\" data-element_type=\"container\">\n\t\t\t\t<div class=\"elementor-element elementor-element-e427152 elementor-view-default elementor-widget elementor-widget-icon\" data-id=\"e427152\" data-element_type=\"widget\" data-widget_type=\"icon.default\">\n\t\t\t\t<div class=\"elementor-widget-container\">\n\t\t\t\t\t\t\t<div class=\"elementor-icon-wrapper\">\n\t\t\t<a class=\"elementor-icon\" href=\"https:\/\/www.youtube.com\/c\/FundacionAbrazamosYRP\">\n\t\t\t<svg aria-hidden=\"true\" class=\"e-font-icon-svg e-fab-youtube\" viewBox=\"0 0 576 512\" xmlns=\"http:\/\/www.w3.org\/2000\/svg\"><path d=\"M549.655 124.083c-6.281-23.65-24.787-42.276-48.284-48.597C458.781 64 288 64 288 64S117.22 64 74.629 75.486c-23.497 6.322-42.003 24.947-48.284 48.597-11.412 42.867-11.412 132.305-11.412 132.305s0 89.438 11.412 132.305c6.281 23.65 24.787 41.5 48.284 47.821C117.22 448 288 448 288 448s170.78 0 213.371-11.486c23.497-6.321 42.003-24.171 48.284-47.821 11.412-42.867 11.412-132.305 11.412-132.305s0-89.438-11.412-132.305zm-317.51 213.508V175.185l142.739 81.205-142.739 81.201z\"><\/path><\/svg>\t\t\t<\/a>\n\t\t<\/div>\n\t\t\t\t\t\t<\/div>\n\t\t\t\t<\/div>\n\t\t\t\t<div class=\"elementor-element elementor-element-74fea8b elementor-view-default elementor-widget elementor-widget-icon\" data-id=\"74fea8b\" data-element_type=\"widget\" data-widget_type=\"icon.default\">\n\t\t\t\t<div class=\"elementor-widget-container\">\n\t\t\t\t\t\t\t<div class=\"elementor-icon-wrapper\">\n\t\t\t<a class=\"elementor-icon\" href=\"https:\/\/api.whatsapp.com\/send\/?phone=573142258819&#038;text&#038;type=phone_number&#038;app_absent=0\">\n\t\t\t<svg aria-hidden=\"true\" class=\"e-font-icon-svg e-fab-whatsapp-square\" viewBox=\"0 0 448 512\" xmlns=\"http:\/\/www.w3.org\/2000\/svg\"><path d=\"M224 122.8c-72.7 0-131.8 59.1-131.9 131.8 0 24.9 7 49.2 20.2 70.1l3.1 5-13.3 48.6 49.9-13.1 4.8 2.9c20.2 12 43.4 18.4 67.1 18.4h.1c72.6 0 133.3-59.1 133.3-131.8 0-35.2-15.2-68.3-40.1-93.2-25-25-58-38.7-93.2-38.7zm77.5 188.4c-3.3 9.3-19.1 17.7-26.7 18.8-12.6 1.9-22.4.9-47.5-9.9-39.7-17.2-65.7-57.2-67.7-59.8-2-2.6-16.2-21.5-16.2-41s10.2-29.1 13.9-33.1c3.6-4 7.9-5 10.6-5 2.6 0 5.3 0 7.6.1 2.4.1 5.7-.9 8.9 6.8 3.3 7.9 11.2 27.4 12.2 29.4s1.7 4.3.3 6.9c-7.6 15.2-15.7 14.6-11.6 21.6 15.3 26.3 30.6 35.4 53.9 47.1 4 2 6.3 1.7 8.6-1 2.3-2.6 9.9-11.6 12.5-15.5 2.6-4 5.3-3.3 8.9-2 3.6 1.3 23.1 10.9 27.1 12.9s6.6 3 7.6 4.6c.9 1.9.9 9.9-2.4 19.1zM400 32H48C21.5 32 0 53.5 0 80v352c0 26.5 21.5 48 48 48h352c26.5 0 48-21.5 48-48V80c0-26.5-21.5-48-48-48zM223.9 413.2c-26.6 0-52.7-6.7-75.8-19.3L64 416l22.5-82.2c-13.9-24-21.2-51.3-21.2-79.3C65.4 167.1 136.5 96 223.9 96c42.4 0 82.2 16.5 112.2 46.5 29.9 30 47.9 69.8 47.9 112.2 0 87.4-72.7 158.5-160.1 158.5z\"><\/path><\/svg>\t\t\t<\/a>\n\t\t<\/div>\n\t\t\t\t\t\t<\/div>\n\t\t\t\t<\/div>\n\t\t\t\t<div class=\"elementor-element elementor-element-4afe7db elementor-view-default elementor-widget elementor-widget-icon\" data-id=\"4afe7db\" data-element_type=\"widget\" data-widget_type=\"icon.default\">\n\t\t\t\t<div class=\"elementor-widget-container\">\n\t\t\t\t\t\t\t<div class=\"elementor-icon-wrapper\">\n\t\t\t<a class=\"elementor-icon\" href=\"https:\/\/www.facebook.com\/coachyanethr\">\n\t\t\t<svg aria-hidden=\"true\" class=\"e-font-icon-svg e-fab-facebook\" viewBox=\"0 0 512 512\" xmlns=\"http:\/\/www.w3.org\/2000\/svg\"><path d=\"M504 256C504 119 393 8 256 8S8 119 8 256c0 123.78 90.69 226.38 209.25 245V327.69h-63V256h63v-54.64c0-62.15 37-96.48 93.67-96.48 27.14 0 55.52 4.84 55.52 4.84v61h-31.28c-30.8 0-40.41 19.12-40.41 38.73V256h68.78l-11 71.69h-57.78V501C413.31 482.38 504 379.78 504 256z\"><\/path><\/svg>\t\t\t<\/a>\n\t\t<\/div>\n\t\t\t\t\t\t<\/div>\n\t\t\t\t<\/div>\n\t\t\t\t<\/div>\n\t\t\t\t<\/div>\n\t\t\t\t<\/div>\n\t\t\t\t<\/div>\n\t\t<div class=\"elementor-element elementor-element-be7cad0 e-con-full e-flex wpr-particle-no wpr-jarallax-no wpr-parallax-no wpr-sticky-section-no e-con e-child\" data-id=\"be7cad0\" data-element_type=\"container\">\n\t\t\t\t<div class=\"elementor-element elementor-element-a68de6a elementor-widget elementor-widget-heading\" data-id=\"a68de6a\" data-element_type=\"widget\" data-widget_type=\"heading.default\">\n\t\t\t\t<div class=\"elementor-widget-container\">\n\t\t\t\t\t<h2 class=\"elementor-heading-title elementor-size-default\">CONOCEME<\/h2>\t\t\t\t<\/div>\n\t\t\t\t<\/div>\n\t\t\t\t<\/div>\n\t\t<div class=\"elementor-element elementor-element-83c4ed3 e-con-full e-flex wpr-particle-no wpr-jarallax-no wpr-parallax-no wpr-sticky-section-no e-con e-child\" data-id=\"83c4ed3\" data-element_type=\"container\" data-settings=\"{&quot;background_background&quot;:&quot;gradient&quot;}\">\n\t\t<div class=\"elementor-element elementor-element-e2d3678 e-con-full e-flex wpr-particle-no wpr-jarallax-no wpr-parallax-no wpr-sticky-section-no e-con e-child\" data-id=\"e2d3678\" data-element_type=\"container\">\n\t\t\t\t<div class=\"elementor-element elementor-element-7769c02 elementor-widget elementor-widget-heading\" data-id=\"7769c02\" data-element_type=\"widget\" data-widget_type=\"heading.default\">\n\t\t\t\t<div class=\"elementor-widget-container\">\n\t\t\t\t\t<h2 class=\"elementor-heading-title elementor-size-default\">Ayudo a las personas a gestionar y equilibrar su dolor emocional a  traves del acompa\u00f1amiento terapeutico<\/h2>\t\t\t\t<\/div>\n\t\t\t\t<\/div>\n\t\t\t\t<div class=\"elementor-element elementor-element-15a5490 elementor-widget elementor-widget-text-editor\" data-id=\"15a5490\" data-element_type=\"widget\" data-widget_type=\"text-editor.default\">\n\t\t\t\t<div class=\"elementor-widget-container\">\n\t\t\t\t\t\t\t\t\t<p><span style=\"color: #ffffff;\"><strong>Enfoco mi trabajo al desarrollo individual y grupal, potenciando en las personas sus habilidades relacionales e interpersonales, con creatividad y liderazgo.<\/strong><\/span><\/p><p><span style=\"color: #ffffff;\">Todo esto inici\u00f3 cuando me di cuenta que vivir en BienEstar es posible y tom\u00e9 la decisi\u00f3n de dejar fuera de mi todo lo que no me era \u00fatil, y luego de transitar algunos procesos de sanaci\u00f3n emocional y espiritual puedo declarar que mi vida es armoniosa, abundante y productiva. Me he formado desde la Psicolog\u00eda, la tanatolog\u00eda, la terapia familiar, el coaching de vida y la formaci\u00f3n online. <\/span><\/p><p><span style=\"color: #ffffff;\"><strong>Misi\u00f3n de vida:<\/strong>\u00a0Inspirar a que el amor es el reconocimiento de que no hay finales, hay nuevos comienzos.<\/span><\/p><p><span style=\"color: #ffffff;\">Actualmente Directora Proyectos y Consultor\u00eda para Latinoam\u00e9rica en Fundaci\u00f3n Abrazamos desde donde se ofrece formaci\u00f3n y acompa\u00f1amiento en duelo; <\/span><\/p><p><span style=\"color: #ffffff;\">Escribo para publicaciones en revistas especializadas en temas de Duelo, Desarrollo Personal, Desarrollo corporativo. En la atenci\u00f3n del doliente escrib\u00ed el Protocolo de atenci\u00f3n de servicios funerarios. Oriento la implementaci\u00f3n de Unidades de Duelo.<\/span><\/p><p><span style=\"color: #ffffff;\">Acompa\u00f1o desde grupos de apoyo y consulta individual a quienes transitan por el dolor de la p\u00e9rdida significativa.<\/span><\/p>\t\t\t\t\t\t\t\t<\/div>\n\t\t\t\t<\/div>\n\t\t\t\t<\/div>\n\t\t<div class=\"elementor-element elementor-element-09259cd e-con-full e-flex wpr-particle-no wpr-jarallax-no wpr-parallax-no wpr-sticky-section-no e-con e-child\" data-id=\"09259cd\" data-element_type=\"container\">\n\t\t\t\t<div class=\"elementor-element elementor-element-df930d8 elementor-widget elementor-widget-image\" data-id=\"df930d8\" data-element_type=\"widget\" data-widget_type=\"image.default\">\n\t\t\t\t<div class=\"elementor-widget-container\">\n\t\t\t\t\t\t\t\t\t\t\t\t\t\t\t<img decoding=\"async\" width=\"800\" height=\"939\" src=\"https:\/\/cofunex.com\/home\/wp-content\/uploads\/2024\/08\/yaneth3-Photoroom-e1723755487665.png\" class=\"attachment-full size-full wp-image-2582\" alt=\"\" srcset=\"https:\/\/cofunex.com\/home\/wp-content\/uploads\/2024\/08\/yaneth3-Photoroom-e1723755487665.png 800w, https:\/\/cofunex.com\/home\/wp-content\/uploads\/2024\/08\/yaneth3-Photoroom-e1723755487665-256x300.png 256w, https:\/\/cofunex.com\/home\/wp-content\/uploads\/2024\/08\/yaneth3-Photoroom-e1723755487665-768x901.png 768w, https:\/\/cofunex.com\/home\/wp-content\/uploads\/2024\/08\/yaneth3-Photoroom-e1723755487665-600x704.png 600w\" sizes=\"(max-width: 800px) 100vw, 800px\" \/>\t\t\t\t\t\t\t\t\t\t\t\t\t\t\t<\/div>\n\t\t\t\t<\/div>\n\t\t\t\t<\/div>\n\t\t\t\t<\/div>\n\t\t\t\t\t<\/div>\n\t\t\t\t<\/div>\n\t\t\t\t<\/div>\n\t\t","protected":false},"excerpt":{"rendered":"<p>Psic\u00f3loga, tanat\u00f3loga y coach<\/p>\n","protected":false},"author":3,"featured_media":612,"parent":0,"menu_order":0,"comment_status":"closed","ping_status":"closed","template":"","meta":{"footnotes":""},"class_list":["post-64","page","type-page","status-publish","has-post-thumbnail","hentry"],"_links":{"self":[{"href":"https:\/\/cofunex.com\/home\/wp-json\/wp\/v2\/pages\/64","targetHints":{"allow":["GET"]}}],"collection":[{"href":"https:\/\/cofunex.com\/home\/wp-json\/wp\/v2\/pages"}],"about":[{"href":"https:\/\/cofunex.com\/home\/wp-json\/wp\/v2\/types\/page"}],"author":[{"embeddable":true,"href":"https:\/\/cofunex.com\/home\/wp-json\/wp\/v2\/users\/3"}],"replies":[{"embeddable":true,"href":"https:\/\/cofunex.com\/home\/wp-json\/wp\/v2\/comments?post=64"}],"version-history":[{"count":33,"href":"https:\/\/cofunex.com\/home\/wp-json\/wp\/v2\/pages\/64\/revisions"}],"predecessor-version":[{"id":2712,"href":"https:\/\/cofunex.com\/home\/wp-json\/wp\/v2\/pages\/64\/revisions\/2712"}],"wp:featuredmedia":[{"embeddable":true,"href":"https:\/\/cofunex.com\/home\/wp-json\/wp\/v2\/media\/612"}],"wp:attachment":[{"href":"https:\/\/cofunex.com\/home\/wp-json\/wp\/v2\/media?parent=64"}],"curies":[{"name":"wp","href":"https:\/\/api.w.org\/{rel}","templated":true}]}}