{"id":98,"date":"2018-03-01T15:59:15","date_gmt":"2018-03-01T15:59:15","guid":{"rendered":"http:\/\/demo.acmethemes.com\/event-star\/?page_id=73"},"modified":"2024-08-12T21:18:05","modified_gmt":"2024-08-13T03:18:05","slug":"quienes-somos","status":"publish","type":"page","link":"https:\/\/cofunex.com\/home\/quienes-somos\/","title":{"rendered":"Nosotros"},"content":{"rendered":"<div id=\"pl-98\"  class=\"panel-layout\" >\n<div id=\"pg-98-0\"  class=\"panel-grid panel-has-style\"  data-style=\"{&quot;background_image_attachment&quot;:&quot;337&quot;,&quot;background_image_attachment_fallback&quot;:false,&quot;background_display&quot;:&quot;cover&quot;,&quot;full_height&quot;:&quot;&quot;,&quot;lsow_dark_bg&quot;:&quot;&quot;,&quot;bottom_margin&quot;:&quot;0px&quot;,&quot;row_stretch&quot;:&quot;full-width-stretch&quot;,&quot;cell_alignment&quot;:&quot;flex-start&quot;}\" >\n<div class=\"siteorigin-panels-stretch panel-row-style panel-row-style-for-98-0\" data-stretch-type=\"full-width-stretch\" >\n<div id=\"pgc-98-0-0\"  class=\"panel-grid-cell panel-grid-cell-empty\"  data-weight=\"0.5\" ><\/div>\n<div id=\"pgc-98-0-1\"  class=\"panel-grid-cell\"  data-weight=\"0.5\" >\n<div id=\"panel-98-0-1-0\" class=\"so-panel widget widget_sow-editor panel-first-child panel-last-child\" data-index=\"0\" data-style=\"{&quot;background_image_attachment&quot;:false,&quot;background_display&quot;:&quot;tile&quot;}\" >\n<div\n\t\t\t\n\t\t\tclass=\"so-widget-sow-editor so-widget-sow-editor-base\"\n\t\t\t\n\t\t><\/p>\n<div class=\"siteorigin-widget-tinymce textwidget\">\n<h2 style=\"text-align: center; margin-top: 100px; margin-bottom: 100px;\">\u00bfQui\u00e9nes somos?<\/h2>\n<\/div>\n<\/div>\n<\/div>\n<\/div>\n<\/div>\n<\/div>\n<div id=\"pg-98-1\"  class=\"panel-grid panel-has-style\"  data-style=\"{&quot;padding&quot;:&quot;0% 0% 0% 0%&quot;,&quot;mobile_padding&quot;:&quot;0% 0% 0% 0%&quot;,&quot;background&quot;:&quot;#2a5e30&quot;,&quot;background_image_attachment&quot;:false,&quot;background_display&quot;:&quot;tile&quot;,&quot;full_height&quot;:&quot;&quot;,&quot;lsow_dark_bg&quot;:true,&quot;row_stretch&quot;:&quot;full-width-stretch&quot;,&quot;cell_alignment&quot;:&quot;flex-start&quot;,&quot;mobile_cell_margin&quot;:&quot;0px&quot;}\" >\n<div class=\"lsow-dark-bg siteorigin-panels-stretch panel-row-style panel-row-style-for-98-1\" data-stretch-type=\"full-width-stretch\" >\n<div id=\"pgc-98-1-0\"  class=\"panel-grid-cell\"  data-weight=\"0.25\" >\n<div id=\"panel-98-1-0-0\" class=\"so-panel widget widget_sow-editor panel-first-child panel-last-child\" data-index=\"1\" data-style=\"{&quot;background_image_attachment&quot;:false,&quot;background_display&quot;:&quot;tile&quot;,&quot;font_color&quot;:&quot;#ffffff&quot;,&quot;link_color&quot;:&quot;#ffffff&quot;}\" >\n<div class=\"panel-widget-style panel-widget-style-for-98-1-0-0\" >\n<div\n\t\t\t\n\t\t\tclass=\"so-widget-sow-editor so-widget-sow-editor-base\"\n\t\t\t\n\t\t><\/p>\n<div class=\"siteorigin-widget-tinymce textwidget\">\n<h3 style=\"text-align: center; color: #ffffff;\">Profesionalismo<\/h3>\n<\/div>\n<\/div>\n<\/div>\n<\/div>\n<\/div>\n<div id=\"pgc-98-1-1\"  class=\"panel-grid-cell\"  data-weight=\"0.25\" >\n<div id=\"panel-98-1-1-0\" class=\"so-panel widget widget_sow-editor panel-first-child panel-last-child\" data-index=\"2\" data-style=\"{&quot;background_image_attachment&quot;:false,&quot;background_display&quot;:&quot;tile&quot;,&quot;font_color&quot;:&quot;#ffffff&quot;,&quot;link_color&quot;:&quot;#ffffff&quot;}\" >\n<div class=\"panel-widget-style panel-widget-style-for-98-1-1-0\" >\n<div\n\t\t\t\n\t\t\tclass=\"so-widget-sow-editor so-widget-sow-editor-base\"\n\t\t\t\n\t\t><\/p>\n<div class=\"siteorigin-widget-tinymce textwidget\">\n<h3 style=\"text-align: center; color: #ffffff;\">Transparencia<\/h3>\n<\/div>\n<\/div>\n<\/div>\n<\/div>\n<\/div>\n<div id=\"pgc-98-1-2\"  class=\"panel-grid-cell\"  data-weight=\"0.25\" >\n<div id=\"panel-98-1-2-0\" class=\"so-panel widget widget_sow-editor panel-first-child panel-last-child\" data-index=\"3\" data-style=\"{&quot;background_image_attachment&quot;:false,&quot;background_display&quot;:&quot;tile&quot;,&quot;font_color&quot;:&quot;#ffffff&quot;,&quot;link_color&quot;:&quot;#ffffff&quot;}\" >\n<div class=\"panel-widget-style panel-widget-style-for-98-1-2-0\" >\n<div\n\t\t\t\n\t\t\tclass=\"so-widget-sow-editor so-widget-sow-editor-base\"\n\t\t\t\n\t\t><\/p>\n<div class=\"siteorigin-widget-tinymce textwidget\">\n<h3 style=\"text-align: center; color: #ffffff;\">Innovaci\u00f3n<\/h3>\n<\/div>\n<\/div>\n<\/div>\n<\/div>\n<\/div>\n<div id=\"pgc-98-1-3\"  class=\"panel-grid-cell\"  data-weight=\"0.25\" >\n<div id=\"panel-98-1-3-0\" class=\"so-panel widget widget_sow-editor panel-first-child panel-last-child\" data-index=\"4\" data-style=\"{&quot;background_image_attachment&quot;:false,&quot;background_display&quot;:&quot;tile&quot;,&quot;font_color&quot;:&quot;#ffffff&quot;,&quot;link_color&quot;:&quot;#ffffff&quot;}\" >\n<div class=\"panel-widget-style panel-widget-style-for-98-1-3-0\" >\n<div\n\t\t\t\n\t\t\tclass=\"so-widget-sow-editor so-widget-sow-editor-base\"\n\t\t\t\n\t\t><\/p>\n<div class=\"siteorigin-widget-tinymce textwidget\">\n<h3 style=\"text-align: center; color: #ffffff;\">Sinergia<\/h3>\n<\/div>\n<\/div>\n<\/div>\n<\/div>\n<\/div>\n<\/div>\n<\/div>\n<div id=\"pg-98-2\"  class=\"panel-grid panel-no-style\"  data-style=\"{&quot;background_image_attachment&quot;:false,&quot;background_display&quot;:&quot;tile&quot;,&quot;full_height&quot;:&quot;&quot;,&quot;lsow_dark_bg&quot;:&quot;&quot;,&quot;cell_alignment&quot;:&quot;flex-start&quot;}\" >\n<div id=\"pgc-98-2-0\"  class=\"panel-grid-cell\"  data-weight=\"0.5\" >\n<div id=\"panel-98-2-0-0\" class=\"so-panel widget widget_sow-editor panel-first-child panel-last-child\" data-index=\"5\" data-style=\"{&quot;background_image_attachment&quot;:false,&quot;background_display&quot;:&quot;tile&quot;}\" >\n<div\n\t\t\t\n\t\t\tclass=\"so-widget-sow-editor so-widget-sow-editor-base\"\n\t\t\t\n\t\t><\/p>\n<div class=\"siteorigin-widget-tinymce textwidget\">\n<h2 class=\"widget_title\">\u00bfQui\u00e9nes somos?<\/h2>\n<p>Somos una plataforma de especializaci\u00f3n en distintas \u00e1reas del sector funerario. Esto lo logramos por medio de capacitaci\u00f3n, asesor\u00eda, consultor\u00eda y apoyo t\u00e9cnico para los empresarios y colaboradores de las funerarias.<\/p>\n<p>Por ello Cofunex es una corporaci\u00f3n multifac\u00e9tica donde nuestras siglas tienen un significado variante que coincida con los objetivos de cada campa\u00f1a y cada acci\u00f3n:<\/p>\n<p>Conferencias, Congresos, Corporaci\u00f3n, Conexiones, Consultora, Consejer\u00eda, Corporativo, Confederaci\u00f3n; puede ir mutando.<\/p>\n<p>Expertise, Excelencia, Exportaci\u00f3n de servicios, Experiencia, Extraordinario, \u00c9xito, Exequias, entre otros.<\/p>\n<\/div>\n<\/div>\n<\/div>\n<\/div>\n<div id=\"pgc-98-2-1\"  class=\"panel-grid-cell\"  data-weight=\"0.5\" >\n<div id=\"panel-98-2-1-0\" class=\"so-panel widget widget_sow-image panel-first-child panel-last-child\" data-index=\"6\" data-style=\"{&quot;background_image_attachment&quot;:false,&quot;background_display&quot;:&quot;tile&quot;}\" >[siteorigin_widget class=&#8221;SiteOrigin_Widget_Image_Widget&#8221;]<input type=\"hidden\" value=\"{&quot;instance&quot;:{&quot;image&quot;:340,&quot;image_fallback&quot;:&quot;&quot;,&quot;size&quot;:&quot;full&quot;,&quot;size_width&quot;:&quot;&quot;,&quot;size_height&quot;:&quot;&quot;,&quot;align&quot;:&quot;default&quot;,&quot;title_align&quot;:&quot;default&quot;,&quot;title&quot;:&quot;&quot;,&quot;title_position&quot;:&quot;hidden&quot;,&quot;alt&quot;:&quot;&quot;,&quot;url&quot;:&quot;&quot;,&quot;bound&quot;:true,&quot;_sow_form_id&quot;:&quot;155389471460cd15834ba81453887355&quot;,&quot;_sow_form_timestamp&quot;:&quot;1624053146887&quot;,&quot;new_window&quot;:false,&quot;full_width&quot;:false,&quot;so_sidebar_emulator_id&quot;:&quot;sow-image-9810006&quot;,&quot;option_name&quot;:&quot;widget_sow-image&quot;},&quot;args&quot;:{&quot;before_widget&quot;:&quot;&lt;div id=\\&quot;panel-98-2-1-0\\&quot; class=\\&quot;so-panel widget widget_sow-image panel-first-child panel-last-child\\&quot; data-index=\\&quot;6\\&quot; data-style=\\&quot;{&amp;quot;background_image_attachment&amp;quot;:false,&amp;quot;background_display&amp;quot;:&amp;quot;tile&amp;quot;}\\&quot; &gt;&quot;,&quot;after_widget&quot;:&quot;&lt;\\\/div&gt;&quot;,&quot;before_title&quot;:&quot;&lt;h3 class=\\&quot;widget-title\\&quot;&gt;&quot;,&quot;after_title&quot;:&quot;&lt;\\\/h3&gt;&quot;,&quot;widget_id&quot;:&quot;widget-2-1-0&quot;}}\" \/>[\/siteorigin_widget]<\/div>\n<\/div>\n<\/div>\n<div id=\"pg-98-3\"  class=\"panel-grid panel-no-style\"  data-style=\"{&quot;background_image_attachment&quot;:false,&quot;background_display&quot;:&quot;tile&quot;,&quot;full_height&quot;:&quot;&quot;,&quot;lsow_dark_bg&quot;:&quot;&quot;,&quot;cell_alignment&quot;:&quot;flex-start&quot;}\" >\n<div id=\"pgc-98-3-0\"  class=\"panel-grid-cell\"  data-weight=\"0.5\" >\n<div id=\"panel-98-3-0-0\" class=\"so-panel widget widget_sow-editor panel-first-child panel-last-child\" data-index=\"7\" data-style=\"{&quot;background_image_attachment&quot;:false,&quot;background_display&quot;:&quot;tile&quot;}\" >\n<div\n\t\t\t\n\t\t\tclass=\"so-widget-sow-editor so-widget-sow-editor-base\"\n\t\t\t\n\t\t><\/p>\n<div class=\"siteorigin-widget-tinymce textwidget\">\n<h3><strong>MISION<\/strong><\/h3>\n<p>Brindar herramientas F\u00edsicas y Digitales al alcance de las funerarias para lograr un crecimiento sostenible por medio de cursos, capacitaciones, talleres online y offline impartidos por especialistas y proveedores del sector funerario con m\u00e1s de 10 a\u00f1os de experiencia.<\/p>\n<\/div>\n<\/div>\n<\/div>\n<\/div>\n<div id=\"pgc-98-3-1\"  class=\"panel-grid-cell\"  data-weight=\"0.5\" >\n<div id=\"panel-98-3-1-0\" class=\"so-panel widget widget_sow-editor panel-first-child panel-last-child\" data-index=\"8\" data-style=\"{&quot;background_image_attachment&quot;:false,&quot;background_display&quot;:&quot;tile&quot;}\" >\n<div\n\t\t\t\n\t\t\tclass=\"so-widget-sow-editor so-widget-sow-editor-base\"\n\t\t\t\n\t\t><\/p>\n<div class=\"siteorigin-widget-tinymce textwidget\">\n<h3><strong>VISION<\/strong><\/h3>\n<p>Ser un referente a nivel Latino Am\u00e9rica para la especializaci\u00f3n de empresarios y colaboradores del sector funerario.<\/p>\n<\/div>\n<\/div>\n<\/div>\n<\/div>\n<\/div>\n<\/div>\n","protected":false},"excerpt":{"rendered":"<p>\u00bfQui\u00e9nes somos? Profesionalismo Transparencia Innovaci\u00f3n Sinergia \u00bfQui\u00e9nes somos? Somos una plataforma de especializaci\u00f3n en distintas \u00e1reas del sector funerario. Esto lo logramos por medio de capacitaci\u00f3n, asesor\u00eda, consultor\u00eda y apoyo t\u00e9cnico para los empresarios y colaboradores de las funerarias. Por ello Cofunex es una corporaci\u00f3n multifac\u00e9tica donde nuestras siglas tienen un significado variante que coincida con los objetivos de cada campa\u00f1a y cada acci\u00f3n: Conferencias, Congresos, Corporaci\u00f3n, Conexiones, Consultora, Consejer\u00eda, Corporativo, Confederaci\u00f3n; puede ir mutando. Expertise, Excelencia, Exportaci\u00f3n de servicios, Experiencia, Extraordinario, \u00c9xito, Exequias, entre otros. [siteorigin_widget class=&#8221;SiteOrigin_Widget_Image_Widget&#8221;][\/siteorigin_widget] MISION Brindar herramientas F\u00edsicas y Digitales al alcance de las funerarias para lograr un crecimiento sostenible por medio de cursos, capacitaciones, talleres online y offline impartidos por especialistas y proveedores del sector funerario con m\u00e1s de 10 a\u00f1os de experiencia. VISION Ser un referente a nivel Latino Am\u00e9rica para la especializaci\u00f3n de empresarios y colaboradores del sector funerario.<\/p>\n","protected":false},"author":3,"featured_media":0,"parent":0,"menu_order":0,"comment_status":"closed","ping_status":"closed","template":"","meta":{"footnotes":""},"class_list":["post-98","page","type-page","status-publish","hentry"],"_links":{"self":[{"href":"https:\/\/cofunex.com\/home\/wp-json\/wp\/v2\/pages\/98","targetHints":{"allow":["GET"]}}],"collection":[{"href":"https:\/\/cofunex.com\/home\/wp-json\/wp\/v2\/pages"}],"about":[{"href":"https:\/\/cofunex.com\/home\/wp-json\/wp\/v2\/types\/page"}],"author":[{"embeddable":true,"href":"https:\/\/cofunex.com\/home\/wp-json\/wp\/v2\/users\/3"}],"replies":[{"embeddable":true,"href":"https:\/\/cofunex.com\/home\/wp-json\/wp\/v2\/comments?post=98"}],"version-history":[{"count":11,"href":"https:\/\/cofunex.com\/home\/wp-json\/wp\/v2\/pages\/98\/revisions"}],"predecessor-version":[{"id":658,"href":"https:\/\/cofunex.com\/home\/wp-json\/wp\/v2\/pages\/98\/revisions\/658"}],"wp:attachment":[{"href":"https:\/\/cofunex.com\/home\/wp-json\/wp\/v2\/media?parent=98"}],"curies":[{"name":"wp","href":"https:\/\/api.w.org\/{rel}","templated":true}]}}